{"id":11270,"date":"2023-02-17T14:59:13","date_gmt":"2023-02-17T14:59:13","guid":{"rendered":"https:\/\/www.sensors-components.endress.com\/?page_id=11270"},"modified":"2026-04-21T14:50:31","modified_gmt":"2026-04-21T12:50:31","slug":"veranstaltungen","status":"publish","type":"page","link":"https:\/\/www.sensors-components.endress.com\/de\/veranstaltungen\/","title":{"rendered":"Veranstaltungen"},"content":{"rendered":"<div   class='avia-fullscreen-slider main_color   avia-builder-el-0  el_before_av_layout_row  avia-builder-el-first  container_wrap fullsize'  ><div  class='avia-slideshow av-leh4lok4-9b908756d98f66acf512c5c78225f507 avia-slideshow-no scaling av_fullscreen avia-slide-slider av-slideshow-ui av-control-default av-slideshow-manual av-loop-once av-loop-manual-endless av-default-height-applied   avia-slideshow-1' data-slideshow-options=\"{&quot;animation&quot;:&quot;slide&quot;,&quot;autoplay&quot;:false,&quot;loop_autoplay&quot;:&quot;once&quot;,&quot;interval&quot;:5,&quot;loop_manual&quot;:&quot;manual-endless&quot;,&quot;autoplay_stopper&quot;:false,&quot;noNavigation&quot;:false,&quot;bg_slider&quot;:true,&quot;keep_padding&quot;:false,&quot;hoverpause&quot;:false,&quot;show_slide_delay&quot;:0,&quot;slide_height&quot;:&quot;100&quot;,&quot;image_attachment&quot;:&quot;&quot;}\"  itemprop=\"image\" itemscope=\"itemscope\" itemtype=\"https:\/\/schema.org\/ImageObject\" ><ul class='avia-slideshow-inner ' style='padding-bottom: 26.640625%;'><li style='background-position:center center;' data-img-url='https:\/\/www.sensors-components.endress.com\/wp-content\/uploads\/2024\/03\/SensorT_2023_2777_1500x400_3-scaled.jpg' class='avia-slideshow-slide av-leh4lok4-9b908756d98f66acf512c5c78225f507__0  av-single-slide slide-1 slide-odd'><div data-rel='slideshow-1' class='avia-slide-wrap '   ><\/div><\/li><\/ul><\/div><\/div>\n<div id='av-layout-grid-1'  class='av-layout-grid-container av-g7wh3-8a4ef813ea756663901054132239d455 entry-content-wrapper main_color av-flex-cells  avia-builder-el-1  el_after_av_fullscreen  el_before_av_hr  grid-row-not-first  container_wrap fullsize'  >\n\n<style type=\"text\/css\" data-created_by=\"avia_inline_auto\" id=\"style-css-av-9r5m7-deefba14e417f176146f9f5e0e2e569f\">\n.flex_cell.av-9r5m7-deefba14e417f176146f9f5e0e2e569f{\nvertical-align:top;\n}\n.responsive #top #wrap_all .flex_cell.av-9r5m7-deefba14e417f176146f9f5e0e2e569f{\npadding:0px 0px 0px 0px !important;\n}\n<\/style>\n<div class='flex_cell av-9r5m7-deefba14e417f176146f9f5e0e2e569f av-gridrow-cell av_one_full no_margin  avia-builder-el-2  avia-builder-el-no-sibling  content-align-top av-zero-padding'  ><div class='flex_cell_inner'><\/div><\/div>\n<\/div><div id='after_grid_row_1'  class='main_color av_default_container_wrap container_wrap fullsize'  ><div class='container av-section-cont-open' ><div class='template-page content  av-content-full alpha units'><div class='post-entry post-entry-type-page post-entry-11270'><div class='entry-content-wrapper clearfix'>\n\n<style type=\"text\/css\" data-created_by=\"avia_inline_auto\" id=\"style-css-av-jr98v2y4-20ee09e400a078165ca83a05c56007bb\">\n#top .hr.hr-invisible.av-jr98v2y4-20ee09e400a078165ca83a05c56007bb{\nheight:20px;\n}\n<\/style>\n<div  class='hr av-jr98v2y4-20ee09e400a078165ca83a05c56007bb hr-invisible  avia-builder-el-3  el_after_av_layout_row  el_before_av_textblock  avia-builder-el-first '><span class='hr-inner '><span class=\"hr-inner-style\"><\/span><\/span><\/div>\n<section  class='av_textblock_section av-jrg0qb3o-0e146256c1dc6f58316438fc413d424e '   itemscope=\"itemscope\" itemtype=\"https:\/\/schema.org\/CreativeWork\" ><div class='avia_textblock'  itemprop=\"text\" ><h1 style=\"color: #000;\">Messen\u00a0\u2013\u00a0treffen Sie uns pers\u00f6nlich<\/h1>\n<\/div><\/section>\n\n<style type=\"text\/css\" data-created_by=\"avia_inline_auto\" id=\"style-css-av-jr98uwdq-59535963cd90f19a48a1c8564f358c49\">\n#top .hr.hr-invisible.av-jr98uwdq-59535963cd90f19a48a1c8564f358c49{\nheight:40px;\n}\n<\/style>\n<div  class='hr av-jr98uwdq-59535963cd90f19a48a1c8564f358c49 hr-invisible  avia-builder-el-5  el_after_av_textblock  el_before_av_four_fifth '><span class='hr-inner '><span class=\"hr-inner-style\"><\/span><\/span><\/div>\n\n<style type=\"text\/css\" data-created_by=\"avia_inline_auto\" id=\"style-css-av-74uay-754cdf9acbe5c91347571b95fce6ddd2\">\n.flex_column.av-74uay-754cdf9acbe5c91347571b95fce6ddd2{\nborder-radius:0px 0px 0px 0px;\npadding:0px 0px 0px 0px;\n}\n<\/style>\n<div  class='flex_column av-74uay-754cdf9acbe5c91347571b95fce6ddd2 av_four_fifth  avia-builder-el-6  el_after_av_hr  el_before_av_hr  first flex_column_div av-zero-column-padding  '     ><section  class='av_textblock_section av-jr0fien1-b6dbbe3ca4b567f8979df57673a1ffca '   itemscope=\"itemscope\" itemtype=\"https:\/\/schema.org\/CreativeWork\" ><div class='avia_textblock'  itemprop=\"text\" ><div class=\"eh-grid eh-grid--no-spacing eh-center-page\">\n<div class=\"eh-cell eh-cell--8-col eh-cell--10-col-small eh-cell--4-col-x-small eh-cell--1-offset-large eh-cell--1-offset-medium eh-cell--1-offset-small\">\n<div class=\"eh-intro eh-dyn-ws eh-m-t-xs\">\n<p class=\"eh-headline-03 eh-dyn-ws eh-m-t-s-2\"><span style=\"font-size: 16px;\">Messen bieten eine gute Gelegenheit unsere Expertinnen und Experten pers\u00f6nlich zu treffen und sich mit ihnen auszutauschen. Wir stellen Ihnen unsere Produkte und L\u00f6sungen vor und besprechen, wie diese zu Ihrem Erfolg beitragen k\u00f6nnen.<\/span><\/p>\n<\/div>\n<\/div>\n<\/div>\n<\/div><\/section><br \/>\n\n<style type=\"text\/css\" data-created_by=\"avia_inline_auto\" id=\"style-css-av-jr98wsno-df710ec54f6e39f10b0dc50f642d1d7f\">\n#top .hr.hr-invisible.av-jr98wsno-df710ec54f6e39f10b0dc50f642d1d7f{\nheight:40px;\n}\n<\/style>\n<div  class='hr av-jr98wsno-df710ec54f6e39f10b0dc50f642d1d7f hr-invisible  avia-builder-el-8  el_after_av_textblock  el_before_av_textblock '><span class='hr-inner '><span class=\"hr-inner-style\"><\/span><\/span><\/div><br \/>\n<section  class='av_textblock_section av-jtsaeqj3-3b9f3db4b589f74896d9e80b2e23d45e '   itemscope=\"itemscope\" itemtype=\"https:\/\/schema.org\/CreativeWork\" ><div class='avia_textblock'  itemprop=\"text\" ><h2 class=\"eh-headline-02 eh-dyn-ws eh-m-b-xs-2\">Die Termine auf einen Blick<\/h2>\n<\/div><\/section><br \/>\n<section  class='av_textblock_section av-jtsakhfm-496f97c77aef61f2bcf0403a03963e9f '   itemscope=\"itemscope\" itemtype=\"https:\/\/schema.org\/CreativeWork\" ><div class='avia_textblock'  itemprop=\"text\" ><ul>\n<li><a href=\"https:\/\/events.annexbusinessmedia.com\/event\/dex-expo-winnipeg-2\/\">DEX Expo<\/a>, Winnipeg (Kanada), 28. April 2026<\/li>\n<li><a href=\"https:\/\/events.annexbusinessmedia.com\/event\/dex-expo-edmonton-2\/\">DEX Expo<\/a>, Edmonton (Kanada), 26. Mai 2026<\/li>\n<li><a href=\"https:\/\/events.annexbusinessmedia.com\/event\/dex-expo-calgary\/\">DEX Expo<\/a>, Calgary (Kanada), 28. Mai 2026<\/li>\n<li><a href=\"https:\/\/www.sensor-test.de\/de\/\">Sensor+Test<\/a>, N\u00fcrnberg (Deutschland), 09.-11. Juni 2026 &#8211; Wir laden Sie gerne zu uns an den Stand 1-313 ein: Klicken Sie <a href=\"https:\/\/www.sensor-test.de\/service\/ticket\/?50097\">hier<\/a> f\u00fcr Ihr kostenloses Ticket!<\/li>\n<li><a href=\"https:\/\/www.sensorchina-expo.com\/\">Sensor China<\/a>, Shanghai (China), 16. &#8211; 18. September 2026<\/li>\n<li><a href=\"https:\/\/www.admmontreal.com\/en\/\">ADM Montreal<\/a>, Montreal (Kanada), 11.-12. November 2026<\/li>\n<\/ul>\n<\/div><\/section><\/p><\/div>\n<style type=\"text\/css\" data-created_by=\"avia_inline_auto\" id=\"style-css-av-jr98wsno-1-2cfa9996b0216b80fe237e9149458c7b\">\n#top .hr.hr-invisible.av-jr98wsno-1-2cfa9996b0216b80fe237e9149458c7b{\nheight:20px;\n}\n<\/style>\n<div  class='hr av-jr98wsno-1-2cfa9996b0216b80fe237e9149458c7b hr-invisible  avia-builder-el-11  el_after_av_four_fifth  el_before_av_textblock '><span class='hr-inner '><span class=\"hr-inner-style\"><\/span><\/span><\/div><\/p>\n<section  class='av_textblock_section av-lhixok21-7ca241efeca92fe337d4969040dac73c '   itemscope=\"itemscope\" itemtype=\"https:\/\/schema.org\/CreativeWork\" ><div class='avia_textblock'  itemprop=\"text\" ><h2>Abonnieren Sie unseren kostenfreien Newsletter und bleiben Sie informiert!<\/h2>\n<\/div><\/section>\n<div  class='avia-button-wrap av-lhixpesy-28c5c8a93b4ba69d7be3bfb5ec0947c5-wrap avia-button-center  avia-builder-el-13  el_after_av_textblock  avia-builder-el-last '><a href='https:\/\/www.sensors-components.endress.com\/de\/newsletter-formular\/'  class='avia-button av-lhixpesy-28c5c8a93b4ba69d7be3bfb5ec0947c5 av-link-btn avia-icon_select-yes-left-icon avia-size-large avia-position-center avia-color-theme-color'   aria-label=\"Jetzt Newsletter abonnieren\"><span class='avia_button_icon avia_button_icon_left avia-iconfont avia-font-entypo-fontello' data-av_icon='\ue805' data-av_iconfont='entypo-fontello' ><\/span><span class='avia_iconbox_title' >Jetzt Newsletter abonnieren<\/span><\/a><\/div>\n","protected":false},"excerpt":{"rendered":"","protected":false},"author":8,"featured_media":0,"parent":0,"menu_order":0,"comment_status":"closed","ping_status":"closed","template":"","meta":{"inline_featured_image":false,"footnotes":""},"class_list":["post-11270","page","type-page","status-publish","hentry"],"yoast_head":"<!-- This site is optimized with the Yoast SEO plugin v27.0 - https:\/\/yoast.com\/product\/yoast-seo-wordpress\/ -->\n<title>Veranstaltungen - Customized Pressure Sensors and Components<\/title>\n<meta name=\"description\" content=\"Messen sind eine gro\u00dfartige Gelegenheit, die Sensor-Experten von Endress+Hauser pers\u00f6nlich zu treffen und Ideen auszutauschen. Wir pr\u00e4sentieren unsere Produkte und L\u00f6sungen und diskutieren, wie diese zu Ihrem Erfolg beitragen k\u00f6nnen. Hier finden Sie eine \u00dcbersicht \u00fcber die Messen, auf denen wir ausstellen.\" \/>\n<meta name=\"robots\" content=\"index, follow, max-snippet:-1, max-image-preview:large, max-video-preview:-1\" \/>\n<link rel=\"canonical\" href=\"https:\/\/www.sensors-components.endress.com\/de\/veranstaltungen\/\" \/>\n<meta property=\"og:locale\" content=\"de_DE\" \/>\n<meta property=\"og:type\" content=\"article\" \/>\n<meta property=\"og:title\" content=\"Veranstaltungen - Customized Pressure Sensors and Components\" \/>\n<meta property=\"og:description\" content=\"Messen sind eine gro\u00dfartige Gelegenheit, die Sensor-Experten von Endress+Hauser pers\u00f6nlich zu treffen und Ideen auszutauschen. Wir pr\u00e4sentieren unsere Produkte und L\u00f6sungen und diskutieren, wie diese zu Ihrem Erfolg beitragen k\u00f6nnen. Hier finden Sie eine \u00dcbersicht \u00fcber die Messen, auf denen wir ausstellen.\" \/>\n<meta property=\"og:url\" content=\"https:\/\/www.sensors-components.endress.com\/de\/veranstaltungen\/\" \/>\n<meta property=\"og:site_name\" content=\"Customized Pressure Sensors and Components\" \/>\n<meta property=\"article:modified_time\" content=\"2026-04-21T12:50:31+00:00\" \/>\n<meta name=\"twitter:card\" content=\"summary_large_image\" \/>\n<meta name=\"twitter:label1\" content=\"Gesch\u00e4tzte Lesezeit\" \/>\n\t<meta name=\"twitter:data1\" content=\"1\u00a0Minute\" \/>\n<script type=\"application\/ld+json\" class=\"yoast-schema-graph\">{\"@context\":\"https:\/\/schema.org\",\"@graph\":[{\"@type\":\"WebPage\",\"@id\":\"https:\/\/www.sensors-components.endress.com\/de\/veranstaltungen\/\",\"url\":\"https:\/\/www.sensors-components.endress.com\/de\/veranstaltungen\/\",\"name\":\"Veranstaltungen - Customized Pressure Sensors and Components\",\"isPartOf\":{\"@id\":\"https:\/\/www.sensors-components.endress.com\/de\/#website\"},\"datePublished\":\"2023-02-17T14:59:13+00:00\",\"dateModified\":\"2026-04-21T12:50:31+00:00\",\"description\":\"Messen sind eine gro\u00dfartige Gelegenheit, die Sensor-Experten von Endress+Hauser pers\u00f6nlich zu treffen und Ideen auszutauschen. Wir pr\u00e4sentieren unsere Produkte und L\u00f6sungen und diskutieren, wie diese zu Ihrem Erfolg beitragen k\u00f6nnen. Hier finden Sie eine \u00dcbersicht \u00fcber die Messen, auf denen wir ausstellen.\",\"breadcrumb\":{\"@id\":\"https:\/\/www.sensors-components.endress.com\/de\/veranstaltungen\/#breadcrumb\"},\"inLanguage\":\"de\",\"potentialAction\":[{\"@type\":\"ReadAction\",\"target\":[\"https:\/\/www.sensors-components.endress.com\/de\/veranstaltungen\/\"]}]},{\"@type\":\"BreadcrumbList\",\"@id\":\"https:\/\/www.sensors-components.endress.com\/de\/veranstaltungen\/#breadcrumb\",\"itemListElement\":[{\"@type\":\"ListItem\",\"position\":1,\"name\":\"Startseite\",\"item\":\"https:\/\/www.sensors-components.endress.com\/de\/start\/\"},{\"@type\":\"ListItem\",\"position\":2,\"name\":\"Veranstaltungen\"}]},{\"@type\":\"WebSite\",\"@id\":\"https:\/\/www.sensors-components.endress.com\/de\/#website\",\"url\":\"https:\/\/www.sensors-components.endress.com\/de\/\",\"name\":\"Customized Pressure Sensors and Components\",\"description\":\"\",\"potentialAction\":[{\"@type\":\"SearchAction\",\"target\":{\"@type\":\"EntryPoint\",\"urlTemplate\":\"https:\/\/www.sensors-components.endress.com\/de\/?s={search_term_string}\"},\"query-input\":{\"@type\":\"PropertyValueSpecification\",\"valueRequired\":true,\"valueName\":\"search_term_string\"}}],\"inLanguage\":\"de\"}]}<\/script>\n<!-- \/ Yoast SEO plugin. -->","yoast_head_json":{"title":"Veranstaltungen - Customized Pressure Sensors and Components","description":"Messen sind eine gro\u00dfartige Gelegenheit, die Sensor-Experten von Endress+Hauser pers\u00f6nlich zu treffen und Ideen auszutauschen. Wir pr\u00e4sentieren unsere Produkte und L\u00f6sungen und diskutieren, wie diese zu Ihrem Erfolg beitragen k\u00f6nnen. Hier finden Sie eine \u00dcbersicht \u00fcber die Messen, auf denen wir ausstellen.","robots":{"index":"index","follow":"follow","max-snippet":"max-snippet:-1","max-image-preview":"max-image-preview:large","max-video-preview":"max-video-preview:-1"},"canonical":"https:\/\/www.sensors-components.endress.com\/de\/veranstaltungen\/","og_locale":"de_DE","og_type":"article","og_title":"Veranstaltungen - Customized Pressure Sensors and Components","og_description":"Messen sind eine gro\u00dfartige Gelegenheit, die Sensor-Experten von Endress+Hauser pers\u00f6nlich zu treffen und Ideen auszutauschen. Wir pr\u00e4sentieren unsere Produkte und L\u00f6sungen und diskutieren, wie diese zu Ihrem Erfolg beitragen k\u00f6nnen. Hier finden Sie eine \u00dcbersicht \u00fcber die Messen, auf denen wir ausstellen.","og_url":"https:\/\/www.sensors-components.endress.com\/de\/veranstaltungen\/","og_site_name":"Customized Pressure Sensors and Components","article_modified_time":"2026-04-21T12:50:31+00:00","twitter_card":"summary_large_image","twitter_misc":{"Gesch\u00e4tzte Lesezeit":"1\u00a0Minute"},"schema":{"@context":"https:\/\/schema.org","@graph":[{"@type":"WebPage","@id":"https:\/\/www.sensors-components.endress.com\/de\/veranstaltungen\/","url":"https:\/\/www.sensors-components.endress.com\/de\/veranstaltungen\/","name":"Veranstaltungen - Customized Pressure Sensors and Components","isPartOf":{"@id":"https:\/\/www.sensors-components.endress.com\/de\/#website"},"datePublished":"2023-02-17T14:59:13+00:00","dateModified":"2026-04-21T12:50:31+00:00","description":"Messen sind eine gro\u00dfartige Gelegenheit, die Sensor-Experten von Endress+Hauser pers\u00f6nlich zu treffen und Ideen auszutauschen. Wir pr\u00e4sentieren unsere Produkte und L\u00f6sungen und diskutieren, wie diese zu Ihrem Erfolg beitragen k\u00f6nnen. Hier finden Sie eine \u00dcbersicht \u00fcber die Messen, auf denen wir ausstellen.","breadcrumb":{"@id":"https:\/\/www.sensors-components.endress.com\/de\/veranstaltungen\/#breadcrumb"},"inLanguage":"de","potentialAction":[{"@type":"ReadAction","target":["https:\/\/www.sensors-components.endress.com\/de\/veranstaltungen\/"]}]},{"@type":"BreadcrumbList","@id":"https:\/\/www.sensors-components.endress.com\/de\/veranstaltungen\/#breadcrumb","itemListElement":[{"@type":"ListItem","position":1,"name":"Startseite","item":"https:\/\/www.sensors-components.endress.com\/de\/start\/"},{"@type":"ListItem","position":2,"name":"Veranstaltungen"}]},{"@type":"WebSite","@id":"https:\/\/www.sensors-components.endress.com\/de\/#website","url":"https:\/\/www.sensors-components.endress.com\/de\/","name":"Customized Pressure Sensors and Components","description":"","potentialAction":[{"@type":"SearchAction","target":{"@type":"EntryPoint","urlTemplate":"https:\/\/www.sensors-components.endress.com\/de\/?s={search_term_string}"},"query-input":{"@type":"PropertyValueSpecification","valueRequired":true,"valueName":"search_term_string"}}],"inLanguage":"de"}]}},"_links":{"self":[{"href":"https:\/\/www.sensors-components.endress.com\/de\/wp-json\/wp\/v2\/pages\/11270","targetHints":{"allow":["GET"]}}],"collection":[{"href":"https:\/\/www.sensors-components.endress.com\/de\/wp-json\/wp\/v2\/pages"}],"about":[{"href":"https:\/\/www.sensors-components.endress.com\/de\/wp-json\/wp\/v2\/types\/page"}],"author":[{"embeddable":true,"href":"https:\/\/www.sensors-components.endress.com\/de\/wp-json\/wp\/v2\/users\/8"}],"replies":[{"embeddable":true,"href":"https:\/\/www.sensors-components.endress.com\/de\/wp-json\/wp\/v2\/comments?post=11270"}],"version-history":[{"count":137,"href":"https:\/\/www.sensors-components.endress.com\/de\/wp-json\/wp\/v2\/pages\/11270\/revisions"}],"predecessor-version":[{"id":14179,"href":"https:\/\/www.sensors-components.endress.com\/de\/wp-json\/wp\/v2\/pages\/11270\/revisions\/14179"}],"wp:attachment":[{"href":"https:\/\/www.sensors-components.endress.com\/de\/wp-json\/wp\/v2\/media?parent=11270"}],"curies":[{"name":"wp","href":"https:\/\/api.w.org\/{rel}","templated":true}]}}