{"id":13522,"date":"2025-07-24T19:51:25","date_gmt":"2025-07-24T17:51:25","guid":{"rendered":"https:\/\/www.sensors-components.endress.com\/?page_id=13522"},"modified":"2025-07-31T15:18:45","modified_gmt":"2025-07-31T13:18:45","slug":"ruecksendungen","status":"publish","type":"page","link":"https:\/\/www.sensors-components.endress.com\/de\/ruecksendungen\/","title":{"rendered":"R\u00fccksendungen"},"content":{"rendered":"<div id='full_slider_1'  class='avia-fullwidth-slider main_color avia-shadow   avia-builder-el-0  el_before_av_textblock  avia-builder-el-first   container_wrap fullsize'  ><div  class='avia-slideshow av-l81m5hee-99c4c50a07c9e8775ad843d686c9f9d4 avia-slideshow-featured av_slideshow_full avia-slide-slider av-slideshow-ui av-control-default av-slideshow-manual av-loop-once av-loop-manual-endless av-default-height-applied   avia-slideshow-1' data-slideshow-options=\"{&quot;animation&quot;:&quot;slide&quot;,&quot;autoplay&quot;:false,&quot;loop_autoplay&quot;:&quot;once&quot;,&quot;interval&quot;:5,&quot;loop_manual&quot;:&quot;manual-endless&quot;,&quot;autoplay_stopper&quot;:false,&quot;noNavigation&quot;:false,&quot;bg_slider&quot;:false,&quot;keep_padding&quot;:false,&quot;hoverpause&quot;:false,&quot;show_slide_delay&quot;:0}\"  itemprop=\"image\" itemscope=\"itemscope\" itemtype=\"https:\/\/schema.org\/ImageObject\" ><ul class='avia-slideshow-inner ' style='padding-bottom: 26.666666666667%;'><li  class='avia-slideshow-slide av-l81m5hee-99c4c50a07c9e8775ad843d686c9f9d4__0  av-single-slide slide-1 slide-odd'><div data-rel='slideshow-1' class='avia-slide-wrap '   ><img decoding=\"async\" fetchpriority=\"high\" class=\"wp-image-10841 avia-img-lazy-loading-not-10841\"  src=\"https:\/\/www.sensors-components.endress.com\/wp-content\/uploads\/2022\/09\/header-kontakt-1500x400.jpg\" width=\"1500\" height=\"400\" title='' alt=''  itemprop=\"thumbnailUrl\"   \/><\/div><\/li><\/ul><\/div><\/div><div id='after_full_slider_1'  class='main_color av_default_container_wrap container_wrap fullsize'  ><div class='container av-section-cont-open' ><div class='template-page content  av-content-full alpha units'><div class='post-entry post-entry-type-page post-entry-13522'><div class='entry-content-wrapper clearfix'>\n\n<style type=\"text\/css\" data-created_by=\"avia_inline_auto\" id=\"style-css-av-jrg0qb3o-67020f7d3c624fe7a16b68dfa6a69fc9\">\n#top .av_textblock_section.av-jrg0qb3o-67020f7d3c624fe7a16b68dfa6a69fc9 .avia_textblock{\ncolor:#007ca9;\n}\n<\/style>\n<section  class='av_textblock_section av-jrg0qb3o-67020f7d3c624fe7a16b68dfa6a69fc9 '   itemscope=\"itemscope\" itemtype=\"https:\/\/schema.org\/CreativeWork\" ><div class='avia_textblock av_inherit_color'  itemprop=\"text\" ><h1 style=\"color: #000;\">R\u00fccksendungen<\/h1>\n<\/div><\/section>\n\n<style type=\"text\/css\" data-created_by=\"avia_inline_auto\" id=\"style-css-av-jr9a79rh-f624402cffa53ad0ac904a945e0088c5\">\n#top .hr.hr-invisible.av-jr9a79rh-f624402cffa53ad0ac904a945e0088c5{\nheight:40px;\n}\n<\/style>\n<div  class='hr av-jr9a79rh-f624402cffa53ad0ac904a945e0088c5 hr-invisible  avia-builder-el-2  el_after_av_textblock  el_before_av_textblock '><span class='hr-inner '><span class=\"hr-inner-style\"><\/span><\/span><\/div>\n<section  class='av_textblock_section av-js60nr04-7656a558a11c1e008ae4196aa116886a '   itemscope=\"itemscope\" itemtype=\"https:\/\/schema.org\/CreativeWork\" ><div class='avia_textblock'  itemprop=\"text\" ><h3 class=\"h h5\" style=\"text-align: center;\">Bitte melden Sie eine R\u00fccksendung bei uns an.<\/h3>\n<p>Der Leitfaden f\u00fcr R\u00fccksendungen skizziert den Ablauf Ihrer R\u00fccksendung an uns und beinhaltet die auszuf\u00fcllende Dekontaminationserkl\u00e4rung.<\/p>\n<p><a href=\"https:\/\/www.sensors-components.endress.com\/wp-content\/uploads\/2024\/09\/Leitfaden-fuer-Ruecksendungen_Sensoren-Komponenten.pdf\">Leitfaden f\u00fcr R\u00fccksendungen von Endress+Hauser Sensors&amp;Components Produkten<\/a><\/p>\n<p>Bitte haben Sie Verst\u00e4ndnis daf\u00fcr, dass wir eingehende R\u00fccksendungen ohne Dekontaminationserkl\u00e4rung aus Sicherheitsgr\u00fcnden nicht \u00f6ffnen.<\/p>\n<p style=\"text-align: center;\"><strong>Endress+Hauser SE +Co. KG<\/strong><\/p>\n<\/div><\/section>\n\n<style type=\"text\/css\" data-created_by=\"avia_inline_auto\" id=\"style-css-av-27139-8902d3861f19d7276a928c25a99c5146\">\n.flex_column.av-27139-8902d3861f19d7276a928c25a99c5146{\nborder-radius:0px 0px 0px 0px;\npadding:0px 0px 0px 0px;\n}\n<\/style>\n<div  class='flex_column av-27139-8902d3861f19d7276a928c25a99c5146 av_one_third  avia-builder-el-4  el_after_av_textblock  el_before_av_one_third  first flex_column_div av-zero-column-padding  column-top-margin'     ><style type=\"text\/css\" data-created_by=\"avia_inline_auto\" id=\"style-css-av-jr1o9y8v-0b546ee3fbca1c3dcf6db440765e9737\">\n#top .av_textblock_section.av-jr1o9y8v-0b546ee3fbca1c3dcf6db440765e9737 .avia_textblock{\nfont-size:18px;\n}\n<\/style>\n<section  class='av_textblock_section av-jr1o9y8v-0b546ee3fbca1c3dcf6db440765e9737 '   itemscope=\"itemscope\" itemtype=\"https:\/\/schema.org\/CreativeWork\" ><div class='avia_textblock'  itemprop=\"text\" ><h3 class=\"h h5\" style=\"text-align: center;\"><\/h3>\n<p style=\"text-align: center;\"><span class=\"break\">2340 Endress Place<br \/>\n<\/span><span class=\"break\">Greenwood<br \/>\n<\/span><span class=\"break\">Indiana 46143, USA<br \/>\n<\/span><\/p>\n<p style=\"text-align: center;\"><strong>Tel.:\u00a0+1 317 535 2774<\/strong><\/p>\n<\/div><\/section><\/div>\n\n<style type=\"text\/css\" data-created_by=\"avia_inline_auto\" id=\"style-css-av-g0qj1-500cbf55e76ae99c3b6d9aefe3175579\">\n.flex_column.av-g0qj1-500cbf55e76ae99c3b6d9aefe3175579{\nborder-radius:0px 0px 0px 0px;\npadding:0px 0px 0px 0px;\n}\n<\/style>\n<div  class='flex_column av-g0qj1-500cbf55e76ae99c3b6d9aefe3175579 av_one_third  avia-builder-el-6  el_after_av_one_third  el_before_av_one_third  flex_column_div av-zero-column-padding  column-top-margin'     ><style type=\"text\/css\" data-created_by=\"avia_inline_auto\" id=\"style-css-av-jr0rcjrd-e38366da64a3c515f1326e34ce619855\">\n#top .av_textblock_section.av-jr0rcjrd-e38366da64a3c515f1326e34ce619855 .avia_textblock{\nfont-size:18px;\n}\n<\/style>\n<section  class='av_textblock_section av-jr0rcjrd-e38366da64a3c515f1326e34ce619855 '   itemscope=\"itemscope\" itemtype=\"https:\/\/schema.org\/CreativeWork\" ><div class='avia_textblock'  itemprop=\"text\" ><p style=\"text-align: center;\"><span class=\"break\">Sensoren &amp; Komponenten<br \/>\n<\/span><span class=\"break\">Hauptstra\u00dfe 1<br \/>\n<\/span><span class=\"break\">79689 Maulburg, Germany<br \/>\n<\/span><\/p>\n<p style=\"text-align: center;\"><strong>Tel.:\u00a0+49 7622 28 2147<\/strong><span style=\"font-weight: bold;\"><br \/>\n<\/span><\/p>\n<\/div><\/section><\/div>\n\n<style type=\"text\/css\" data-created_by=\"avia_inline_auto\" id=\"style-css-av-brqt9-8bfddf7d1dff338861807a81a52b92fb\">\n.flex_column.av-brqt9-8bfddf7d1dff338861807a81a52b92fb{\nborder-radius:0px 0px 0px 0px;\npadding:0px 0px 0px 0px;\n}\n<\/style>\n<div  class='flex_column av-brqt9-8bfddf7d1dff338861807a81a52b92fb av_one_third  avia-builder-el-8  el_after_av_one_third  el_before_av_hr  flex_column_div av-zero-column-padding  column-top-margin'     ><style type=\"text\/css\" data-created_by=\"avia_inline_auto\" id=\"style-css-av-jr0rcjrd-2-89ec84f1bc8cb59029aba6d3cbd05acd\">\n#top .av_textblock_section.av-jr0rcjrd-2-89ec84f1bc8cb59029aba6d3cbd05acd .avia_textblock{\nfont-size:18px;\n}\n<\/style>\n<section  class='av_textblock_section av-jr0rcjrd-2-89ec84f1bc8cb59029aba6d3cbd05acd '   itemscope=\"itemscope\" itemtype=\"https:\/\/schema.org\/CreativeWork\" ><div class='avia_textblock'  itemprop=\"text\" ><h3 class=\"h h5\" style=\"text-align: center;\"><\/h3>\n<p style=\"text-align: center;\"><span class=\"break\">Singapore Industrial Park (SIP)<br \/>\n<\/span><span class=\"break\">Su Hong Zhong Road, No. 491<br \/>\n<\/span><span class=\"break\">215021 Suzhou, P.R. China<br \/>\n<\/span><\/p>\n<p style=\"text-align: center;\"><strong>Tel.:\u00a0+86 512 62584226<\/strong><\/p>\n<\/div><\/section><\/div>\n\n<style type=\"text\/css\" data-created_by=\"avia_inline_auto\" id=\"style-css-av-jsahq8ro-37035a0eb08f49023180dd0a2a3a4405\">\n#top .hr.hr-invisible.av-jsahq8ro-37035a0eb08f49023180dd0a2a3a4405{\nheight:40px;\n}\n<\/style>\n<div  class='hr av-jsahq8ro-37035a0eb08f49023180dd0a2a3a4405 hr-invisible  avia-builder-el-10  el_after_av_one_third  el_before_av_one_full '><span class='hr-inner '><span class=\"hr-inner-style\"><\/span><\/span><\/div>\n\n<style type=\"text\/css\" data-created_by=\"avia_inline_auto\" id=\"style-css-av-al7y5-d5817fc8fcc5c170b779f94ed7d4a3fe\">\n.flex_column.av-al7y5-d5817fc8fcc5c170b779f94ed7d4a3fe{\nborder-radius:0px 0px 0px 0px;\npadding:0px 0px 0px 0px;\n}\n<\/style>\n<div  class='flex_column av-al7y5-d5817fc8fcc5c170b779f94ed7d4a3fe av_one_full  avia-builder-el-11  el_after_av_hr  el_before_av_hr  first flex_column_div av-zero-column-padding  '     ><section  class='av_textblock_section av-jsahs77f-5df7c858ceb766d658c6342fca4d4336 '   itemscope=\"itemscope\" itemtype=\"https:\/\/schema.org\/CreativeWork\" ><div class='avia_textblock'  itemprop=\"text\" ><h5>Bei Fragen steht Ihnen das Sensors &amp; Components Team gerne per E-Mail sensors-components.ehlp@endress.com zur Verf\u00fcgung.<\/h5>\n<\/div><\/section><\/div>\n\n<style type=\"text\/css\" data-created_by=\"avia_inline_auto\" id=\"style-css-av-jr9a8smf-5ce7f3b2f7bcee7352a54060412a01f3\">\n#top .hr.hr-invisible.av-jr9a8smf-5ce7f3b2f7bcee7352a54060412a01f3{\nheight:50px;\n}\n<\/style>\n<div  class='hr av-jr9a8smf-5ce7f3b2f7bcee7352a54060412a01f3 hr-invisible  avia-builder-el-13  el_after_av_one_full  el_before_av_section  avia-builder-el-last '><span class='hr-inner '><span class=\"hr-inner-style\"><\/span><\/span><\/div>\n<\/div><\/div><\/div><!-- close content main div --><\/div><\/div>\n<style type=\"text\/css\" data-created_by=\"avia_inline_auto\" id=\"style-css-av-2exp3x-bb9faee456f75051b2e1cf6c2803e987\">\n.avia-section.av-2exp3x-bb9faee456f75051b2e1cf6c2803e987{\nbackground-color:#c3ced5;\nbackground-image:unset;\n}\n.avia-section.av-2exp3x-bb9faee456f75051b2e1cf6c2803e987 .av-section-color-overlay{\nopacity:0.5;\nbackground-color:#ffffff;\n}\n<\/style>\n<div id='av_section_1'  class='avia-section av-2exp3x-bb9faee456f75051b2e1cf6c2803e987 main_color avia-section-default avia-no-border-styling  avia-builder-el-14  el_after_av_hr  avia-builder-el-last  avia-bg-style-parallax av-section-color-overlay-active av-minimum-height av-minimum-height-100 av-height-100  container_wrap fullsize'   data-av_minimum_height_pc='100' data-av_min_height_opt='100'><div class=\"av-section-color-overlay-wrap\"><div class=\"av-section-color-overlay\"><\/div><div class='container av-section-cont-open' ><div class='template-page content  av-content-full alpha units'><div class='post-entry post-entry-type-page post-entry-13522'><div class='entry-content-wrapper clearfix'>\n\n<style type=\"text\/css\" data-created_by=\"avia_inline_auto\" id=\"style-css-av-28t5al-671b1c997b829b681f97a6ee99bed791\">\n.flex_column.av-28t5al-671b1c997b829b681f97a6ee99bed791{\nborder-radius:0px 0px 0px 0px;\npadding:0px 0px 0px 0px;\n}\n<\/style>\n<div  class='flex_column av-28t5al-671b1c997b829b681f97a6ee99bed791 av_one_third  avia-builder-el-15  el_before_av_two_third  avia-builder-el-first  first flex_column_div av-zero-column-padding  '     ><section  class='av_textblock_section av-23zffp-644215abb70d03a10aafaad67c522cef '   itemscope=\"itemscope\" itemtype=\"https:\/\/schema.org\/CreativeWork\" ><div class='avia_textblock'  itemprop=\"text\" ><h2>Kontaktieren Sie uns<\/h2>\n<\/div><\/section><br \/>\n<section  class='av_textblock_section av-1usjed-a136454bb50e0ac71c9eb11dfd939623 '   itemscope=\"itemscope\" itemtype=\"https:\/\/schema.org\/CreativeWork\" ><div class='avia_textblock'  itemprop=\"text\" ><p>Gerne beantworten unsere Experten Ihre pers\u00f6nlichen Fragen. Oder vereinbaren Sie einen Termin mit uns. Ausgew\u00e4hlte Fragen und Antworten ver\u00f6ffentlichen wir ohne Namenszuordnung auf dieser Homepage.<\/p>\n<\/div><\/section><\/p><\/div>\n<style type=\"text\/css\" data-created_by=\"avia_inline_auto\" id=\"style-css-av-645a5-4f57040c6d3464b15935b7561401ce81\">\n.flex_column.av-645a5-4f57040c6d3464b15935b7561401ce81{\nborder-radius:0px 0px 0px 0px;\npadding:0px 0px 0px 0px;\n}\n<\/style>\n<div  class='flex_column av-645a5-4f57040c6d3464b15935b7561401ce81 av_two_third  avia-builder-el-18  el_after_av_one_third  avia-builder-el-last  flex_column_div av-zero-column-padding  '     ><form action=\"https:\/\/www.sensors-components.endress.com\/de\/ruecksendungen\/\" method=\"post\" data-fields-with-error=\"Fehler wurden in folgenden Feld(ern) gefunden:\" class=\"avia_ajax_form av-form-labels-visible   avia-builder-el-19  avia-builder-el-no-sibling   \" data-avia-form-id=\"1\" data-avia-redirect='https:\/\/www.sensors-components.endress.com\/de\/vielen-dank-fuer-ihre-nachricht\/' ><fieldset><p class='  first_form  form_element form_element_half' id='element_avia_1_1'><label for=\"avia_1_1\">Name <abbr class=\"required\" title=\"ben\u00f6tigt\">*<\/abbr><\/label> <input name=\"avia_1_1\" class=\"text_input is_empty\" type=\"text\" id=\"avia_1_1\" value=\"\" \/><\/p><p class='  form_element form_element_half' id='element_avia_2_1'><label for=\"avia_2_1\">Firma <abbr class=\"required\" title=\"ben\u00f6tigt\">*<\/abbr><\/label> <input name=\"avia_2_1\" class=\"text_input is_empty\" type=\"text\" id=\"avia_2_1\" value=\"\" \/><\/p><p class='  first_form  form_element form_element_half' id='element_avia_3_1'><label for=\"avia_3_1\">E-Mail <abbr class=\"required\" title=\"ben\u00f6tigt\">*<\/abbr><\/label> <input name=\"avia_3_1\" class=\"text_input is_email\" type=\"text\" id=\"avia_3_1\" value=\"\" \/><\/p><p class='  form_element form_element_half' id='element_avia_4_1'><label for=\"avia_4_1\">Telefonnummer<\/label> <input name=\"avia_4_1\" class=\"text_input \" type=\"text\" id=\"avia_4_1\" value=\"\" \/><\/p><p class='  first_form  form_element form_fullwidth' id='element_avia_5_1'><label for=\"avia_5_1\">Land <abbr class=\"required\" title=\"ben\u00f6tigt\">*<\/abbr><\/label> <input name=\"avia_5_1\" class=\"text_input is_empty\" type=\"text\" id=\"avia_5_1\" value=\"\" \/><\/p><p class='  first_form  form_element form_fullwidth' id='element_avia_6_1'><label for=\"avia_6_1\" class=\"textare_label hidden textare_label_avia_6_1\">Nachricht<\/label><textarea  name=\"avia_6_1\" class=\"text_area \" cols=\"40\" rows=\"7\" id=\"avia_6_1\" ><\/textarea><\/p><p class='  first_form  form_element form_fullwidth' id='element_avia_7_1'><input  name=\"avia_7_1\" class=\"input_checkbox \" type=\"checkbox\" id=\"avia_7_1\" value=\"true\"\/><label class=\"input_checkbox_label\" for=\"avia_7_1\">Bitte vereinbaren Sie einen Termin mit mir oder rufen Sie mich an<\/label><\/p><p class=\"hidden\"><input type=\"text\" name=\"avia_8_1\" class=\"hidden \" id=\"avia_8_1\" value=\"\" \/><\/p><p class='   form_element form_fullwidth av-last-visible-form-element' id='element_avia_9_1'><span class='value_verifier_label'>4 + 0 = ?<\/span><input name=\"avia_9_1_verifier\" type=\"hidden\" id=\"avia_9_1_verifier\" value=\"717224275\"\/><label for=\"avia_9_1\">Bitte l\u00f6se die Gleichung. Diese Ma\u00dfnahme dient der Abwehr von Spam <abbr class=\"required\" title=\"ben\u00f6tigt\">*<\/abbr><\/label><input name=\"avia_9_1\" class=\"text_input captcha\" type=\"text\" id=\"avia_9_1\" value=\"\"\/><\/p><p class=' av_form_privacy_check av_contact_privacy_check first_form  form_element form_fullwidth' id='element_avia_10_1'><input  name=\"avia_10_1\" class=\"input_checkbox is_empty\" type=\"checkbox\" id=\"avia_10_1\" value=\"true\"\/><label class=\"input_checkbox_label\" for=\"avia_10_1\">Ich stimme den Bedingungen zu, die in der <a href=\"\/de\/datenschutzrichtlinien\/\">Datenschutzerkl\u00e4rung<\/a> dargelegt sind. <abbr class=\"required\" title=\"ben\u00f6tigt\">*<\/abbr><\/label><\/p><p class=\"form_element \"><input type=\"hidden\" value=\"1\" name=\"avia_generated_form1\" \/><input type=\"submit\" value=\"Senden\" class=\"button\"  data-sending-label=\"Sende\"\/><\/p><\/fieldset><\/form><div id=\"ajaxresponse_1\" class=\"ajaxresponse ajaxresponse_1 hidden\"><\/div><\/div>\n\n","protected":false},"excerpt":{"rendered":"","protected":false},"author":8,"featured_media":0,"parent":0,"menu_order":0,"comment_status":"closed","ping_status":"closed","template":"","meta":{"inline_featured_image":false,"footnotes":""},"class_list":["post-13522","page","type-page","status-publish","hentry"],"yoast_head":"<!-- This site is optimized with the Yoast SEO plugin v27.0 - https:\/\/yoast.com\/product\/yoast-seo-wordpress\/ -->\n<title>R\u00fccksendungen - Customized Pressure Sensors and Components<\/title>\n<meta name=\"description\" content=\"Leitfaden f\u00fcr R\u00fccksendungen von Sensors&amp;Components Produkten von Endress+Hauser\" \/>\n<meta name=\"robots\" content=\"index, follow, max-snippet:-1, max-image-preview:large, max-video-preview:-1\" \/>\n<link rel=\"canonical\" href=\"https:\/\/www.sensors-components.endress.com\/de\/ruecksendungen\/\" \/>\n<meta property=\"og:locale\" content=\"de_DE\" \/>\n<meta property=\"og:type\" content=\"article\" \/>\n<meta property=\"og:title\" content=\"R\u00fccksendungen - Customized Pressure Sensors and Components\" \/>\n<meta property=\"og:description\" content=\"Leitfaden f\u00fcr R\u00fccksendungen von Sensors&amp;Components Produkten von Endress+Hauser\" \/>\n<meta property=\"og:url\" content=\"https:\/\/www.sensors-components.endress.com\/de\/ruecksendungen\/\" \/>\n<meta property=\"og:site_name\" content=\"Customized Pressure Sensors and Components\" \/>\n<meta property=\"article:modified_time\" content=\"2025-07-31T13:18:45+00:00\" \/>\n<meta name=\"twitter:card\" content=\"summary_large_image\" \/>\n<meta name=\"twitter:label1\" content=\"Gesch\u00e4tzte Lesezeit\" \/>\n\t<meta name=\"twitter:data1\" content=\"2\u00a0Minuten\" \/>\n<script type=\"application\/ld+json\" class=\"yoast-schema-graph\">{\"@context\":\"https:\/\/schema.org\",\"@graph\":[{\"@type\":\"WebPage\",\"@id\":\"https:\/\/www.sensors-components.endress.com\/de\/ruecksendungen\/\",\"url\":\"https:\/\/www.sensors-components.endress.com\/de\/ruecksendungen\/\",\"name\":\"R\u00fccksendungen - Customized Pressure Sensors and Components\",\"isPartOf\":{\"@id\":\"https:\/\/www.sensors-components.endress.com\/de\/#website\"},\"datePublished\":\"2025-07-24T17:51:25+00:00\",\"dateModified\":\"2025-07-31T13:18:45+00:00\",\"description\":\"Leitfaden f\u00fcr R\u00fccksendungen von Sensors&Components Produkten von Endress+Hauser\",\"breadcrumb\":{\"@id\":\"https:\/\/www.sensors-components.endress.com\/de\/ruecksendungen\/#breadcrumb\"},\"inLanguage\":\"de\",\"potentialAction\":[{\"@type\":\"ReadAction\",\"target\":[\"https:\/\/www.sensors-components.endress.com\/de\/ruecksendungen\/\"]}]},{\"@type\":\"BreadcrumbList\",\"@id\":\"https:\/\/www.sensors-components.endress.com\/de\/ruecksendungen\/#breadcrumb\",\"itemListElement\":[{\"@type\":\"ListItem\",\"position\":1,\"name\":\"Startseite\",\"item\":\"https:\/\/www.sensors-components.endress.com\/de\/start\/\"},{\"@type\":\"ListItem\",\"position\":2,\"name\":\"R\u00fccksendungen\"}]},{\"@type\":\"WebSite\",\"@id\":\"https:\/\/www.sensors-components.endress.com\/de\/#website\",\"url\":\"https:\/\/www.sensors-components.endress.com\/de\/\",\"name\":\"Customized Pressure Sensors and Components\",\"description\":\"\",\"potentialAction\":[{\"@type\":\"SearchAction\",\"target\":{\"@type\":\"EntryPoint\",\"urlTemplate\":\"https:\/\/www.sensors-components.endress.com\/de\/?s={search_term_string}\"},\"query-input\":{\"@type\":\"PropertyValueSpecification\",\"valueRequired\":true,\"valueName\":\"search_term_string\"}}],\"inLanguage\":\"de\"}]}<\/script>\n<!-- \/ Yoast SEO plugin. -->","yoast_head_json":{"title":"R\u00fccksendungen - Customized Pressure Sensors and Components","description":"Leitfaden f\u00fcr R\u00fccksendungen von Sensors&Components Produkten von Endress+Hauser","robots":{"index":"index","follow":"follow","max-snippet":"max-snippet:-1","max-image-preview":"max-image-preview:large","max-video-preview":"max-video-preview:-1"},"canonical":"https:\/\/www.sensors-components.endress.com\/de\/ruecksendungen\/","og_locale":"de_DE","og_type":"article","og_title":"R\u00fccksendungen - Customized Pressure Sensors and Components","og_description":"Leitfaden f\u00fcr R\u00fccksendungen von Sensors&Components Produkten von Endress+Hauser","og_url":"https:\/\/www.sensors-components.endress.com\/de\/ruecksendungen\/","og_site_name":"Customized Pressure Sensors and Components","article_modified_time":"2025-07-31T13:18:45+00:00","twitter_card":"summary_large_image","twitter_misc":{"Gesch\u00e4tzte Lesezeit":"2\u00a0Minuten"},"schema":{"@context":"https:\/\/schema.org","@graph":[{"@type":"WebPage","@id":"https:\/\/www.sensors-components.endress.com\/de\/ruecksendungen\/","url":"https:\/\/www.sensors-components.endress.com\/de\/ruecksendungen\/","name":"R\u00fccksendungen - Customized Pressure Sensors and Components","isPartOf":{"@id":"https:\/\/www.sensors-components.endress.com\/de\/#website"},"datePublished":"2025-07-24T17:51:25+00:00","dateModified":"2025-07-31T13:18:45+00:00","description":"Leitfaden f\u00fcr R\u00fccksendungen von Sensors&Components Produkten von Endress+Hauser","breadcrumb":{"@id":"https:\/\/www.sensors-components.endress.com\/de\/ruecksendungen\/#breadcrumb"},"inLanguage":"de","potentialAction":[{"@type":"ReadAction","target":["https:\/\/www.sensors-components.endress.com\/de\/ruecksendungen\/"]}]},{"@type":"BreadcrumbList","@id":"https:\/\/www.sensors-components.endress.com\/de\/ruecksendungen\/#breadcrumb","itemListElement":[{"@type":"ListItem","position":1,"name":"Startseite","item":"https:\/\/www.sensors-components.endress.com\/de\/start\/"},{"@type":"ListItem","position":2,"name":"R\u00fccksendungen"}]},{"@type":"WebSite","@id":"https:\/\/www.sensors-components.endress.com\/de\/#website","url":"https:\/\/www.sensors-components.endress.com\/de\/","name":"Customized Pressure Sensors and Components","description":"","potentialAction":[{"@type":"SearchAction","target":{"@type":"EntryPoint","urlTemplate":"https:\/\/www.sensors-components.endress.com\/de\/?s={search_term_string}"},"query-input":{"@type":"PropertyValueSpecification","valueRequired":true,"valueName":"search_term_string"}}],"inLanguage":"de"}]}},"_links":{"self":[{"href":"https:\/\/www.sensors-components.endress.com\/de\/wp-json\/wp\/v2\/pages\/13522","targetHints":{"allow":["GET"]}}],"collection":[{"href":"https:\/\/www.sensors-components.endress.com\/de\/wp-json\/wp\/v2\/pages"}],"about":[{"href":"https:\/\/www.sensors-components.endress.com\/de\/wp-json\/wp\/v2\/types\/page"}],"author":[{"embeddable":true,"href":"https:\/\/www.sensors-components.endress.com\/de\/wp-json\/wp\/v2\/users\/8"}],"replies":[{"embeddable":true,"href":"https:\/\/www.sensors-components.endress.com\/de\/wp-json\/wp\/v2\/comments?post=13522"}],"version-history":[{"count":7,"href":"https:\/\/www.sensors-components.endress.com\/de\/wp-json\/wp\/v2\/pages\/13522\/revisions"}],"predecessor-version":[{"id":13595,"href":"https:\/\/www.sensors-components.endress.com\/de\/wp-json\/wp\/v2\/pages\/13522\/revisions\/13595"}],"wp:attachment":[{"href":"https:\/\/www.sensors-components.endress.com\/de\/wp-json\/wp\/v2\/media?parent=13522"}],"curies":[{"name":"wp","href":"https:\/\/api.w.org\/{rel}","templated":true}]}}