{"id":210,"date":"2019-01-23T13:49:04","date_gmt":"2019-01-23T13:49:04","guid":{"rendered":"https:\/\/www.sensors-components.endress.com\/?page_id=210"},"modified":"2025-04-25T08:49:34","modified_gmt":"2025-04-25T08:49:34","slug":"endresshauser-gruppe","status":"publish","type":"page","link":"https:\/\/www.sensors-components.endress.com\/de\/endresshauser-gruppe\/","title":{"rendered":"Endress+Hauser Gruppe"},"content":{"rendered":"<div id='full_slider_1'  class='avia-fullwidth-slider main_color avia-shadow   avia-builder-el-0  el_before_av_layout_row  avia-builder-el-first   container_wrap fullsize'  ><div  class='avia-slideshow av-6ldoq-3b75dfb884dae0a0a7a95a2ab3583e8b avia-slideshow-featured_large av_slideshow_full avia-slide-slider av-slideshow-ui av-control-default av-slideshow-manual av-loop-once av-loop-manual-endless av-default-height-applied   avia-slideshow-1' data-slideshow-options=\"{&quot;animation&quot;:&quot;slide&quot;,&quot;autoplay&quot;:false,&quot;loop_autoplay&quot;:&quot;once&quot;,&quot;interval&quot;:5,&quot;loop_manual&quot;:&quot;manual-endless&quot;,&quot;autoplay_stopper&quot;:false,&quot;noNavigation&quot;:false,&quot;bg_slider&quot;:false,&quot;keep_padding&quot;:false,&quot;hoverpause&quot;:false,&quot;show_slide_delay&quot;:0}\"  itemprop=\"image\" itemscope=\"itemscope\" itemtype=\"https:\/\/schema.org\/ImageObject\" ><ul class='avia-slideshow-inner ' style='padding-bottom: 26.689419795222%;'><li  class='avia-slideshow-slide av-6ldoq-3b75dfb884dae0a0a7a95a2ab3583e8b__0  av-single-slide slide-1 slide-odd'><div data-rel='slideshow-1' class='avia-slide-wrap '   ><img decoding=\"async\" fetchpriority=\"high\" class=\"wp-image-212 avia-img-lazy-loading-not-212\"  src=\"https:\/\/www.sensors-components.endress.com\/wp-content\/uploads\/2019\/01\/Maulburg_Panorma_PCM_2017_Titelfolie_PPT-e1548918013917.jpg\" width=\"1465\" height=\"391\" title='endress+hauser_maulburg_panorma_2017' alt='Panorama Aufnahme von Endress+Hauser Maulburg'  itemprop=\"thumbnailUrl\" srcset=\"https:\/\/www.sensors-components.endress.com\/wp-content\/uploads\/2019\/01\/Maulburg_Panorma_PCM_2017_Titelfolie_PPT-e1548918013917.jpg 1465w, https:\/\/www.sensors-components.endress.com\/wp-content\/uploads\/2019\/01\/Maulburg_Panorma_PCM_2017_Titelfolie_PPT-e1548918013917-300x80.jpg 300w, https:\/\/www.sensors-components.endress.com\/wp-content\/uploads\/2019\/01\/Maulburg_Panorma_PCM_2017_Titelfolie_PPT-e1548918013917-768x205.jpg 768w, https:\/\/www.sensors-components.endress.com\/wp-content\/uploads\/2019\/01\/Maulburg_Panorma_PCM_2017_Titelfolie_PPT-e1548918013917-1030x275.jpg 1030w, https:\/\/www.sensors-components.endress.com\/wp-content\/uploads\/2019\/01\/Maulburg_Panorma_PCM_2017_Titelfolie_PPT-e1548918013917-705x188.jpg 705w, https:\/\/www.sensors-components.endress.com\/wp-content\/uploads\/2019\/01\/Maulburg_Panorma_PCM_2017_Titelfolie_PPT-e1548918013917-450x120.jpg 450w\" sizes=\"(max-width: 1465px) 100vw, 1465px\" \/><\/div><\/li><\/ul><\/div><\/div>\n<div id='av-layout-grid-1'  class='av-layout-grid-container av-g7wh3-8a4ef813ea756663901054132239d455 entry-content-wrapper main_color av-flex-cells  avia-builder-el-1  el_after_av_slideshow_full  el_before_av_hr  grid-row-not-first  container_wrap fullsize'  >\n\n<style type=\"text\/css\" data-created_by=\"avia_inline_auto\" id=\"style-css-av-9r5m7-deefba14e417f176146f9f5e0e2e569f\">\n.flex_cell.av-9r5m7-deefba14e417f176146f9f5e0e2e569f{\nvertical-align:top;\n}\n.responsive #top #wrap_all .flex_cell.av-9r5m7-deefba14e417f176146f9f5e0e2e569f{\npadding:0px 0px 0px 0px !important;\n}\n<\/style>\n<div class='flex_cell av-9r5m7-deefba14e417f176146f9f5e0e2e569f av-gridrow-cell av_one_full no_margin  avia-builder-el-2  avia-builder-el-no-sibling  content-align-top av-zero-padding'  ><div class='flex_cell_inner'><\/div><\/div>\n<\/div><div id='after_grid_row_1'  class='main_color av_default_container_wrap container_wrap fullsize'  ><div class='container av-section-cont-open' ><div class='template-page content  av-content-full alpha units'><div class='post-entry post-entry-type-page post-entry-210'><div class='entry-content-wrapper clearfix'>\n\n<style type=\"text\/css\" data-created_by=\"avia_inline_auto\" id=\"style-css-av-jr98v2y4-20ee09e400a078165ca83a05c56007bb\">\n#top .hr.hr-invisible.av-jr98v2y4-20ee09e400a078165ca83a05c56007bb{\nheight:20px;\n}\n<\/style>\n<div  class='hr av-jr98v2y4-20ee09e400a078165ca83a05c56007bb hr-invisible  avia-builder-el-3  el_after_av_layout_row  el_before_av_textblock  avia-builder-el-first '><span class='hr-inner '><span class=\"hr-inner-style\"><\/span><\/span><\/div>\n<section  class='av_textblock_section av-jrg0qb3o-0e146256c1dc6f58316438fc413d424e '   itemscope=\"itemscope\" itemtype=\"https:\/\/schema.org\/CreativeWork\" ><div class='avia_textblock'  itemprop=\"text\" ><h1 style=\"color: #000;\">Endress+Hauser Gruppe<\/h1>\n<\/div><\/section>\n\n<style type=\"text\/css\" data-created_by=\"avia_inline_auto\" id=\"style-css-av-jr98uwdq-59535963cd90f19a48a1c8564f358c49\">\n#top .hr.hr-invisible.av-jr98uwdq-59535963cd90f19a48a1c8564f358c49{\nheight:40px;\n}\n<\/style>\n<div  class='hr av-jr98uwdq-59535963cd90f19a48a1c8564f358c49 hr-invisible  avia-builder-el-5  el_after_av_textblock  el_before_av_four_fifth '><span class='hr-inner '><span class=\"hr-inner-style\"><\/span><\/span><\/div>\n\n<style type=\"text\/css\" data-created_by=\"avia_inline_auto\" id=\"style-css-av-74uay-754cdf9acbe5c91347571b95fce6ddd2\">\n.flex_column.av-74uay-754cdf9acbe5c91347571b95fce6ddd2{\nborder-radius:0px 0px 0px 0px;\npadding:0px 0px 0px 0px;\n}\n<\/style>\n<div  class='flex_column av-74uay-754cdf9acbe5c91347571b95fce6ddd2 av_four_fifth  avia-builder-el-6  el_after_av_hr  el_before_av_hr  first flex_column_div av-zero-column-padding  '     ><section  class='av_textblock_section av-jr0fien1-9d2bc2cecf3848102d5002f5acab87b1 '   itemscope=\"itemscope\" itemtype=\"https:\/\/schema.org\/CreativeWork\" ><div class='avia_textblock'  itemprop=\"text\" ><div class=\"eh-grid eh-grid--no-spacing eh-center-page\">\n<div class=\"eh-cell eh-cell--8-col eh-cell--10-col-small eh-cell--4-col-x-small eh-cell--1-offset-large eh-cell--1-offset-medium eh-cell--1-offset-small\">\n<div class=\"eh-intro eh-dyn-ws eh-m-t-xs\">\n<h2 class=\"eh-headline-03 eh-dyn-ws eh-m-t-s-2\">Ein starker Partner \u2013 weltweit<\/h2>\n<\/div>\n<\/div>\n<\/div>\n<div class=\"eh-grid eh-grid--no-spacing eh-center-page\">\n<div class=\"eh-cell eh-cell--8-col eh-cell--10-col-small eh-cell--4-col-x-small eh-cell--1-offset-large eh-cell--1-offset-medium eh-cell--1-offset-small\">\n<p class=\"eh-nutshell eh-dyn-ws eh-m-t-xs\">Endress+Hauser ist ein weltweit f\u00fchrender Anbieter von Messger\u00e4ten, Dienstleistungen und L\u00f6sungen f\u00fcr die industrielle Verfahrenstechnik. Wir bieten Prozessl\u00f6sungen f\u00fcr Durchfluss-, F\u00fcllstand-, Druck- und Temperaturmessung, f\u00fcr analytische Messungen sowie Messwertregistrierung und digitale Kommunikation und optimieren so Prozesse hinsichtlich wirtschaftlicher Effizienz, Sicherheit und Auswirkungen auf die Umwelt. Unsere Kunden arbeiten in den unterschiedlichsten Branchen, wie Chemie, Energie und Kraftwerke, Grundstoffe und Metall, Lebensmittel, Life Sciences, \u00d6l und Gas sowie Wasser\/Abwasser.<\/p>\n<\/div>\n<\/div>\n<\/div><\/section><br \/>\n\n<style type=\"text\/css\" data-created_by=\"avia_inline_auto\" id=\"style-css-av-jr98wsno-df710ec54f6e39f10b0dc50f642d1d7f\">\n#top .hr.hr-invisible.av-jr98wsno-df710ec54f6e39f10b0dc50f642d1d7f{\nheight:40px;\n}\n<\/style>\n<div  class='hr av-jr98wsno-df710ec54f6e39f10b0dc50f642d1d7f hr-invisible  avia-builder-el-8  el_after_av_textblock  el_before_av_textblock '><span class='hr-inner '><span class=\"hr-inner-style\"><\/span><\/span><\/div><br \/>\n<section  class='av_textblock_section av-jtsaeqj3-3b9f3db4b589f74896d9e80b2e23d45e '   itemscope=\"itemscope\" itemtype=\"https:\/\/schema.org\/CreativeWork\" ><div class='avia_textblock'  itemprop=\"text\" ><h2 class=\"eh-headline-02 eh-dyn-ws eh-m-b-xs-2\">Auf einen Blick<\/h2>\n<\/div><\/section><br \/>\n<section  class='av_textblock_section av-jtsakhfm-496f97c77aef61f2bcf0403a03963e9f '   itemscope=\"itemscope\" itemtype=\"https:\/\/schema.org\/CreativeWork\" ><div class='avia_textblock'  itemprop=\"text\" ><ul>\n<li>Nettoumsatz von ann\u00e4hernd 3,7 Milliarden Euro &#8211; ein starker Partner<\/li>\n<li>\u00dcber 17.000 Mitarbeiter weltweit &#8211; ein zuverl\u00e4ssiger Arbeitgeber<\/li>\n<li>Wir \u00fcbernehmen soziale und \u00f6kologische Verantwortung &#8211; ein nachhaltiger Partner<\/li>\n<li>Kontinuierliche j\u00e4hrliche Investitionen, in 2024 von \u00fcber 340 Millionen Euro &#8211; zukunftsorientiert<\/li>\n<li>\u00dcber 8.700 Patente und Patentanmeldungen &#8211; innovativ und kreativ<\/li>\n<\/ul>\n<\/div><\/section><\/p><\/div>\n<style type=\"text\/css\" data-created_by=\"avia_inline_auto\" id=\"style-css-av-jr98wsno-1-2cfa9996b0216b80fe237e9149458c7b\">\n#top .hr.hr-invisible.av-jr98wsno-1-2cfa9996b0216b80fe237e9149458c7b{\nheight:20px;\n}\n<\/style>\n<div  class='hr av-jr98wsno-1-2cfa9996b0216b80fe237e9149458c7b hr-invisible  avia-builder-el-11  el_after_av_four_fifth  el_before_av_textblock '><span class='hr-inner '><span class=\"hr-inner-style\"><\/span><\/span><\/div><\/p>\n<section  class='av_textblock_section av-jrk9o0y0-2f017e1ab1f3bd6d9e0babf2438a9c28 '   itemscope=\"itemscope\" itemtype=\"https:\/\/schema.org\/CreativeWork\" ><div class='avia_textblock'  itemprop=\"text\" ><p><a href=\"https:\/\/www.endress.com\/de\" target=\"_blank\" rel=\"noopener\">Zur Endress+Hauser Gruppenseite &gt;&gt;&gt;<\/a><\/p>\n<\/div><\/section>\n","protected":false},"excerpt":{"rendered":"","protected":false},"author":4,"featured_media":0,"parent":0,"menu_order":0,"comment_status":"closed","ping_status":"closed","template":"","meta":{"inline_featured_image":false,"footnotes":""},"class_list":["post-210","page","type-page","status-publish","hentry"],"yoast_head":"<!-- This site is optimized with the Yoast SEO plugin v27.0 - https:\/\/yoast.com\/product\/yoast-seo-wordpress\/ -->\n<title>Endress+Hauser Gruppe - Customized Pressure Sensors and Components<\/title>\n<meta name=\"description\" content=\"Unter dem Dach des Messtechnikherstellers Endress+Hauser ist der Gesch\u00e4ftsbereich Sensors+Components auf ma\u00dfgeschneiderte L\u00f6sungen spezialisiert.\" \/>\n<meta name=\"robots\" content=\"index, follow, max-snippet:-1, max-image-preview:large, max-video-preview:-1\" \/>\n<link rel=\"canonical\" href=\"https:\/\/www.sensors-components.endress.com\/de\/endresshauser-gruppe\/\" \/>\n<meta property=\"og:locale\" content=\"de_DE\" \/>\n<meta property=\"og:type\" content=\"article\" \/>\n<meta property=\"og:title\" content=\"Endress+Hauser Gruppe - Customized Pressure Sensors and Components\" \/>\n<meta property=\"og:description\" content=\"Unter dem Dach des Messtechnikherstellers Endress+Hauser ist der Gesch\u00e4ftsbereich Sensors+Components auf ma\u00dfgeschneiderte L\u00f6sungen spezialisiert.\" \/>\n<meta property=\"og:url\" content=\"https:\/\/www.sensors-components.endress.com\/de\/endresshauser-gruppe\/\" \/>\n<meta property=\"og:site_name\" content=\"Customized Pressure Sensors and Components\" \/>\n<meta property=\"article:modified_time\" content=\"2025-04-25T08:49:34+00:00\" \/>\n<meta name=\"twitter:card\" content=\"summary_large_image\" \/>\n<meta name=\"twitter:label1\" content=\"Gesch\u00e4tzte Lesezeit\" \/>\n\t<meta name=\"twitter:data1\" content=\"1\u00a0Minute\" \/>\n<script type=\"application\/ld+json\" class=\"yoast-schema-graph\">{\"@context\":\"https:\/\/schema.org\",\"@graph\":[{\"@type\":\"WebPage\",\"@id\":\"https:\/\/www.sensors-components.endress.com\/de\/endresshauser-gruppe\/\",\"url\":\"https:\/\/www.sensors-components.endress.com\/de\/endresshauser-gruppe\/\",\"name\":\"Endress+Hauser Gruppe - Customized Pressure Sensors and Components\",\"isPartOf\":{\"@id\":\"https:\/\/www.sensors-components.endress.com\/de\/#website\"},\"datePublished\":\"2019-01-23T13:49:04+00:00\",\"dateModified\":\"2025-04-25T08:49:34+00:00\",\"description\":\"Unter dem Dach des Messtechnikherstellers Endress+Hauser ist der Gesch\u00e4ftsbereich Sensors+Components auf ma\u00dfgeschneiderte L\u00f6sungen spezialisiert.\",\"breadcrumb\":{\"@id\":\"https:\/\/www.sensors-components.endress.com\/de\/endresshauser-gruppe\/#breadcrumb\"},\"inLanguage\":\"de\",\"potentialAction\":[{\"@type\":\"ReadAction\",\"target\":[\"https:\/\/www.sensors-components.endress.com\/de\/endresshauser-gruppe\/\"]}]},{\"@type\":\"BreadcrumbList\",\"@id\":\"https:\/\/www.sensors-components.endress.com\/de\/endresshauser-gruppe\/#breadcrumb\",\"itemListElement\":[{\"@type\":\"ListItem\",\"position\":1,\"name\":\"Startseite\",\"item\":\"https:\/\/www.sensors-components.endress.com\/de\/start\/\"},{\"@type\":\"ListItem\",\"position\":2,\"name\":\"Endress+Hauser Gruppe\"}]},{\"@type\":\"WebSite\",\"@id\":\"https:\/\/www.sensors-components.endress.com\/de\/#website\",\"url\":\"https:\/\/www.sensors-components.endress.com\/de\/\",\"name\":\"Customized Pressure Sensors and Components\",\"description\":\"\",\"potentialAction\":[{\"@type\":\"SearchAction\",\"target\":{\"@type\":\"EntryPoint\",\"urlTemplate\":\"https:\/\/www.sensors-components.endress.com\/de\/?s={search_term_string}\"},\"query-input\":{\"@type\":\"PropertyValueSpecification\",\"valueRequired\":true,\"valueName\":\"search_term_string\"}}],\"inLanguage\":\"de\"}]}<\/script>\n<!-- \/ Yoast SEO plugin. -->","yoast_head_json":{"title":"Endress+Hauser Gruppe - Customized Pressure Sensors and Components","description":"Unter dem Dach des Messtechnikherstellers Endress+Hauser ist der Gesch\u00e4ftsbereich Sensors+Components auf ma\u00dfgeschneiderte L\u00f6sungen spezialisiert.","robots":{"index":"index","follow":"follow","max-snippet":"max-snippet:-1","max-image-preview":"max-image-preview:large","max-video-preview":"max-video-preview:-1"},"canonical":"https:\/\/www.sensors-components.endress.com\/de\/endresshauser-gruppe\/","og_locale":"de_DE","og_type":"article","og_title":"Endress+Hauser Gruppe - Customized Pressure Sensors and Components","og_description":"Unter dem Dach des Messtechnikherstellers Endress+Hauser ist der Gesch\u00e4ftsbereich Sensors+Components auf ma\u00dfgeschneiderte L\u00f6sungen spezialisiert.","og_url":"https:\/\/www.sensors-components.endress.com\/de\/endresshauser-gruppe\/","og_site_name":"Customized Pressure Sensors and Components","article_modified_time":"2025-04-25T08:49:34+00:00","twitter_card":"summary_large_image","twitter_misc":{"Gesch\u00e4tzte Lesezeit":"1\u00a0Minute"},"schema":{"@context":"https:\/\/schema.org","@graph":[{"@type":"WebPage","@id":"https:\/\/www.sensors-components.endress.com\/de\/endresshauser-gruppe\/","url":"https:\/\/www.sensors-components.endress.com\/de\/endresshauser-gruppe\/","name":"Endress+Hauser Gruppe - Customized Pressure Sensors and Components","isPartOf":{"@id":"https:\/\/www.sensors-components.endress.com\/de\/#website"},"datePublished":"2019-01-23T13:49:04+00:00","dateModified":"2025-04-25T08:49:34+00:00","description":"Unter dem Dach des Messtechnikherstellers Endress+Hauser ist der Gesch\u00e4ftsbereich Sensors+Components auf ma\u00dfgeschneiderte L\u00f6sungen spezialisiert.","breadcrumb":{"@id":"https:\/\/www.sensors-components.endress.com\/de\/endresshauser-gruppe\/#breadcrumb"},"inLanguage":"de","potentialAction":[{"@type":"ReadAction","target":["https:\/\/www.sensors-components.endress.com\/de\/endresshauser-gruppe\/"]}]},{"@type":"BreadcrumbList","@id":"https:\/\/www.sensors-components.endress.com\/de\/endresshauser-gruppe\/#breadcrumb","itemListElement":[{"@type":"ListItem","position":1,"name":"Startseite","item":"https:\/\/www.sensors-components.endress.com\/de\/start\/"},{"@type":"ListItem","position":2,"name":"Endress+Hauser Gruppe"}]},{"@type":"WebSite","@id":"https:\/\/www.sensors-components.endress.com\/de\/#website","url":"https:\/\/www.sensors-components.endress.com\/de\/","name":"Customized Pressure Sensors and Components","description":"","potentialAction":[{"@type":"SearchAction","target":{"@type":"EntryPoint","urlTemplate":"https:\/\/www.sensors-components.endress.com\/de\/?s={search_term_string}"},"query-input":{"@type":"PropertyValueSpecification","valueRequired":true,"valueName":"search_term_string"}}],"inLanguage":"de"}]}},"_links":{"self":[{"href":"https:\/\/www.sensors-components.endress.com\/de\/wp-json\/wp\/v2\/pages\/210","targetHints":{"allow":["GET"]}}],"collection":[{"href":"https:\/\/www.sensors-components.endress.com\/de\/wp-json\/wp\/v2\/pages"}],"about":[{"href":"https:\/\/www.sensors-components.endress.com\/de\/wp-json\/wp\/v2\/types\/page"}],"author":[{"embeddable":true,"href":"https:\/\/www.sensors-components.endress.com\/de\/wp-json\/wp\/v2\/users\/4"}],"replies":[{"embeddable":true,"href":"https:\/\/www.sensors-components.endress.com\/de\/wp-json\/wp\/v2\/comments?post=210"}],"version-history":[{"count":27,"href":"https:\/\/www.sensors-components.endress.com\/de\/wp-json\/wp\/v2\/pages\/210\/revisions"}],"predecessor-version":[{"id":13198,"href":"https:\/\/www.sensors-components.endress.com\/de\/wp-json\/wp\/v2\/pages\/210\/revisions\/13198"}],"wp:attachment":[{"href":"https:\/\/www.sensors-components.endress.com\/de\/wp-json\/wp\/v2\/media?parent=210"}],"curies":[{"name":"wp","href":"https:\/\/api.w.org\/{rel}","templated":true}]}}