{"id":2200,"date":"2019-02-05T13:55:16","date_gmt":"2019-02-05T13:55:16","guid":{"rendered":"https:\/\/www.sensors-components.endress.com\/?page_id=2200"},"modified":"2022-12-20T10:14:29","modified_gmt":"2022-12-20T10:14:29","slug":"nutzungsbedingungen","status":"publish","type":"page","link":"https:\/\/www.sensors-components.endress.com\/de\/nutzungsbedingungen\/","title":{"rendered":"Nutzungsbedingungen"},"content":{"rendered":"<div id='av-layout-grid-1'  class='av-layout-grid-container av-9rjv9k-6ca97a86dadc464193489b5c81baa5c3 entry-content-wrapper main_color av-flex-cells  avia-builder-el-0  el_before_av_textblock  avia-builder-el-first   container_wrap fullsize'  >\n\n<style type=\"text\/css\" data-created_by=\"avia_inline_auto\" id=\"style-css-av-7lu5o8-c4b16904de86e9b55df2f9b2cd33bccc\">\n.flex_cell.av-7lu5o8-c4b16904de86e9b55df2f9b2cd33bccc{\nvertical-align:top;\n}\n.responsive #top #wrap_all .flex_cell.av-7lu5o8-c4b16904de86e9b55df2f9b2cd33bccc{\npadding:0px 0px 0px 0px !important;\n}\n<\/style>\n<div class='flex_cell av-7lu5o8-c4b16904de86e9b55df2f9b2cd33bccc av-gridrow-cell av_one_full no_margin  avia-builder-el-1  avia-builder-el-no-sibling  content-align-top av-zero-padding'  ><div class='flex_cell_inner'>\n<\/div><\/div>\n<\/div><div id='after_grid_row_1'  class='main_color av_default_container_wrap container_wrap fullsize'  ><div class='container av-section-cont-open' ><div class='template-page content  av-content-full alpha units'><div class='post-entry post-entry-type-page post-entry-2200'><div class='entry-content-wrapper clearfix'>\n<section  class='av_textblock_section av-jrg0qb3o-e051b8a561cac93a6728707405d0aeae '   itemscope=\"itemscope\" itemtype=\"https:\/\/schema.org\/CreativeWork\" ><div class='avia_textblock av_inherit_color'  itemprop=\"text\" ><h1>Nutzungsbedingungen<\/h1>\n<\/div><\/section>\n\n<style type=\"text\/css\" data-created_by=\"avia_inline_auto\" id=\"style-css-av-3ijim0-53e59dbc81cee47a1cb19f0e1507423f\">\n.flex_column.av-3ijim0-53e59dbc81cee47a1cb19f0e1507423f{\nborder-radius:0px 0px 0px 0px;\npadding:0px 0px 0px 0px;\n}\n<\/style>\n<div  class='flex_column av-3ijim0-53e59dbc81cee47a1cb19f0e1507423f av_three_fourth  avia-builder-el-4  el_after_av_textblock  avia-builder-el-last  first flex_column_div av-zero-column-padding  column-top-margin'     ><section  class='av_textblock_section av-2n19a0-c53480f99a224b87e4e32bc20f8c3864 '   itemscope=\"itemscope\" itemtype=\"https:\/\/schema.org\/CreativeWork\" ><div class='avia_textblock'  itemprop=\"text\" ><div class=\"ps intro span5 first\">\n<h3 class=\"h h2\">f\u00fcr alle Endress+Hauser Webseiten<\/h3>\n<\/div>\n<div class=\"ps para_blk list picture span5 first\">\n<h3 class=\"h h3\">1. Geltungsbereich<\/h3>\n<p>1.1 Endress+Hauser SE+Co. KG und mit ihr verbundene Unternehmen (&#8222;Endress+Hauser&#8220;) sind berechtigt, diese Allgemeinen Nutzungsbedingungen (&#8222;Nutzungsbedingungen&#8220;) sowie alle Texte, Daten, Grafiken, Bilder, Applikationen, Tools, Logos, Videoclips, Verzeichnisse, Datenbanken, Listen und anderen Informationen und Inhalte (&#8222;Informationen und Inhalte&#8220;) auf den Webseiten von Endress+Hauser ohne vorherige Ank\u00fcndigung zu \u00e4ndern und jederzeit den Betrieb der Endress+Hauser Webseiten ganz oder teilweise einzustellen.<\/p>\n<p>1.2 Die Nutzung der Informationen und Inhalte der Endress+Hauser Webseiten und die Nutzung der Endress+Hauser Webseiten selbst ist nur gem\u00e4\u00df den vorliegenden Nutzungsbedingungen zul\u00e4ssig. Indem Sie eine Endress+Hauser Webseite aufrufen, akzeptieren Sie diese Nutzungsbedingungen in ihrer aktuellen Fassung. Diese Nutzungsbedingungen k\u00f6nnen durch allgemeine oder individuell vereinbarte Bedingungen erg\u00e4nzt werden, wobei diese allgemeinen oder individuell vereinbarten Bedingungen im Fall eines Konfliktes Vorrang vor den Nutzungsbedingungen haben.<\/p>\n<p>1.3 Die Endress+Hauser Webseiten und die darin enthaltenen Informationen und Inhalte richten sich nur an Personen, die aufgrund der in ihrem Wohnsitzstaat geltenden Rechtsvorschriften und aufgrund ihrer Staatsangeh\u00f6rigkeit berechtigt sind, auf diese Webseiten zuzugreifen. Der Zugriff auf die Endress+Hauser Webseiten aus L\u00e4ndern, in denen dieser Zugriff gegen das Gesetz verst\u00f6\u00dft, ist nicht erlaubt.<\/p>\n<div><\/div>\n<h3 class=\"h h3\">2. Zugriffsbeschr\u00e4nkung<\/h3>\n<p>2.1 Der Zugriff auf die Endress+Hauser Webseiten und die darin enthaltenen Informationen und Inhalte kann auf registrierte Nutzer beschr\u00e4nkt sein. Nutzer haben keinen Anspruch auf eine Registrierung. Endress+Hauser beh\u00e4lt sich das Recht vor, eine Registrierpflicht f\u00fcr frei zug\u00e4ngliche Endress+Hauser Webseiten und die darin enthaltenen Informationen und Inhalte einzuf\u00fchren. Dar\u00fcber hinaus beh\u00e4lt sich Endress+Hauser das Recht vor, registrierten Nutzern ohne Angabe von Gr\u00fcnden den Zugriff auf Endress+Hauser Webseiten zu entziehen oder den Zugriff zu blockieren.<\/p>\n<p>2.2 Wenn eine Registrierung erforderlich ist, ist der Nutzer verpflichtet, wahrheitsgem\u00e4\u00dfe Angaben zu machen und \u00c4nderungen in seinen Daten mitzuteilen. Nach der Registrierung erh\u00e4lt der Nutzer ein Passwort und einen Nutzernamen (&#8222;Nutzerdaten&#8220;).<\/p>\n<p>Der Nutzer muss sicherstellen, dass diese Nutzerdaten keinen Dritten zug\u00e4nglich sind, und ist f\u00fcr alle Bestellungen oder anderen Aktivit\u00e4ten, die unter Verwendung dieser Nutzerdaten ausgef\u00fchrt werden, haftbar. Wenn der Nutzer einen Missbrauch seiner Nutzerdaten durch Dritte feststellt, ist er verpflichtet, Endress+Hauser unverz\u00fcglich zu benachrichtigen.<\/p>\n<p>2.3 Der Nutzer kann jederzeit schriftlich die L\u00f6schung seiner Registrierung verlangen, sofern der L\u00f6schung nicht die Abwicklung laufender Vertragsverh\u00e4ltnisse entgegensteht. In diesem Fall wird Endress+Hauser alle Nutzerdaten und alle \u00fcbrigen pers\u00f6nlichen Daten des Nutzers l\u00f6schen.<\/p>\n<div><\/div>\n<h3 class=\"h h3\">3. Keine technische Beratung, Anleitungen oder Angebote<\/h3>\n<p>3.1 Die Informationen und Inhalte der Endress+Hauser Webseiten werden ausschlie\u00dflich zur allgemeinen Information \u00fcber Endress+Hauser, seine Produkte, L\u00f6sungen und Dienstleistungen bereitgestellt und sind nicht als technische Beratung oder Anleitung zu verstehen. Bei spezifischen Anfragen zu unseren Produkten, L\u00f6sungen und Dienstleistungen wenden Sie sich bitte direkt an Endress+Hauser. In jedem Fall muss das mit dem Produkt mitgelieferte Benutzerhandbuch vor der Installation und Nutzung unserer Produkte gelesen werden.<\/p>\n<p>3.2 Die Informationen und Inhalte der Endress+Hauser Webseiten stellen keine bindenden Angebote durch Endress+Hauser dar, sondern sind als Aufforderung zur Abgabe eines Angebotes gedacht.<\/p>\n<p>3.3 Allein durch die Tatsache, dass ein Nutzer eine Endress+Hauser Webseite aufruft, wird der Nutzer noch nicht zu einem Kunden von Endress+Hauser.<\/p>\n<div><\/div>\n<h3 class=\"h h3\">4. Verwendung von Informationen und Inhalten<\/h3>\n<p>Endress+Hauser r\u00e4umt den Nutzern das nicht exklusive, nicht \u00fcbertragbare Recht ein &#8211; ohne Recht zur Vergabe von Unterlizenzen -, die Informationen und Inhalte der Endress+Hauser Webseiten in dem vereinbarten Umfang zu nutzen oder, wenn nichts vereinbart wurde, in dem Umfang zu nutzen, der dem von Endress+Hauser mit der Bereitstellung und \u00dcberlassung der Informationen und Inhalte verfolgten Zweck entspricht.<\/p>\n<p>Abgesehen davon d\u00fcrfen die Informationen und Inhalte der Endress+Hauser Webseiten unter keinen Umst\u00e4nden erg\u00e4nzt, ge\u00e4ndert, reproduziert, verkauft, vermietet oder auf andere Art zug\u00e4nglich gemacht oder genutzt werden.<\/p>\n<div><\/div>\n<h3 class=\"h h3\">5. Geistiges Eigentum<\/h3>\n<p>5.1 Die Informationen und Inhalte der Endress+Hauser Webseiten sind urheberrechtlich und durch andere gewerbliche Schutzrechte gesch\u00fctzt.<\/p>\n<p>5.2 Mit Ausnahme der durch diese Nutzungsbedingungen ausdr\u00fccklich gew\u00e4hrten Rechte verbleiben alle Rechte, Titel und Anspr\u00fcche, insbesondere Urheberrechte, Marken, Gebrauchsmuster, Patente und andere Rechte des geistigen Eigentums sowie alle \u00fcbrigen Rechte an, f\u00fcr und aus allen Informationen und Inhalten der Endress+Hauser Webseiten bei Endress+Hauser oder dem jeweiligen Rechteinhaber.<\/p>\n<p>Insbesondere k\u00f6nnen weder die Informationen und Inhalte der Endress+Hauser Webseiten an sich, noch das Herunterladen, Kopieren, Ausdrucken, Bearbeiten, Reproduzieren oder jedwede andere Nutzung dieser Informationen und Inhalte als Gew\u00e4hrung einer Lizenz oder anderer Nutzungsrechte angesehen werden.<\/p>\n<div><\/div>\n<h3 class=\"h h3\">6. Gew\u00e4hrleistungsausschluss<\/h3>\n<p>6.1 Endress+Hauser \u00fcbernimmt keinerlei Gew\u00e4hr daf\u00fcr, dass die Endress+Hauser Webseiten und ihre Informationen und Inhalte ununterbrochen zug\u00e4nglich oder fehlerfrei sind, dass Fehler korrigiert werden und dass keine Viren oder andere sch\u00e4dliche Komponenten bei der Nutzung \u00fcbertragen werden.<\/p>\n<p>6.2 Endress+Hauser setzt alles daran, Nutzern genaue und aktuelle Informationen und Inhalte bereitzustellen. Dennoch \u00fcbernimmt Endress+Hauser keine Gew\u00e4hrleistung hinsichtlich der Genauigkeit, Aktualit\u00e4t, Vollst\u00e4ndigkeit, Fehlerfreiheit, Freiheit von Rechten Dritter, Verf\u00fcgbarkeit oder Nutzbarkeit der Endress+Hauser Webseiten und der darin enthaltenen Informationen und Inhalte oder f\u00fcr Ergebnisse und Erkenntnisse, die auf den Informationen und Inhalten der Endress+Hauser Webseiten basieren.<\/p>\n<p>6.3 Insbesondere \u00fcbernimmt Endress+Hauser keine Gew\u00e4hrleistung daf\u00fcr, dass Ergebnisse und Erkenntnisse, die auf den Informationen und Inhalten der Endress+Hauser Webseiten basieren, sowie Produkte, L\u00f6sungen und Dienstleistungen, die auf der Grundlage dieser Ergebnisse und Erkenntnisse bestellt wurden, f\u00fcr die vom Kunden beabsichtigten Zwecke, Anwendungen oder Nutzungsm\u00f6glichkeiten geeignet sind (vgl. Ziffer 3.1).<\/p>\n<div><\/div>\n<h3 class=\"h h3\">7. Haftungsausschluss<\/h3>\n<p>7.1 Die Haftung bei rechtswidriger Absicht und grober Fahrl\u00e4ssigkeit unterliegt dem geltenden Recht.<\/p>\n<p>Abgesehen davon ist die Haftung von Endress+Hauser in dem gesetzlich zul\u00e4ssigen Rahmen und gleichg\u00fcltig aus welchem Rechtsgrund f\u00fcr direkte oder indirekte Verluste, Haftungsanspr\u00fcche, Kosten, Anspr\u00fcche, Ausgaben oder Sch\u00e4den jedweder Art, die aus der Nutzung oder dem Nutzungsunverm\u00f6gen der Endress+Hauser Webseiten und der darin enthaltenen Informationen und Inhalte entstehen, beschr\u00e4nkt; das schlie\u00dft auch gewonnene Ergebnisse oder Erkenntnisse ein, die auf den Informationen und Inhalten der Endress+Hauser Webseiten basieren.<\/p>\n<p>7.2 Insbesondere ist Endress+Hauser nicht haftbar f\u00fcr Sch\u00e4den, die aus der Nutzung, Installation oder einer anderen Verwendung der Produkte und L\u00f6sungen, die der Nutzer aufgrund der aus den Informationen und Inhalten der Endress+Hauser Webseiten gewonnenen Ergebnisse und Erkenntnisse bestellt hat, herr\u00fchren (vgl. Ziffer 3.1).<\/p>\n<div><\/div>\n<h3 class=\"h h3\">8. Datenschutz<\/h3>\n<p>Endress+Hauser legt gro\u00dfen Wert auf den Schutz der pers\u00f6nlichen Daten von Dritten und h\u00e4lt sich an das Datenschutzrecht. N\u00e4here Informationen hierzu sind in der Datenschutzrichtlinie von Endress+Hauser zu finden.<\/p>\n<div><\/div>\n<h3 class=\"h h3\">9. Links zu anderen Webseiten \/ Inhalten von Dritten<\/h3>\n<p>Auf den Endress+Hauser Webseiten enthaltene Informationen und Inhalte von Dritten oder Links zu den Webseiten Dritter dienen ausschlie\u00dflich der Benutzerfreundlichkeit und Information.<\/p>\n<p>Endress+Hauser hat keinen Einfluss auf und keine Kontrolle \u00fcber die Informationen und Inhalte auf den Webseiten von Dritten, \u00fcbernimmt keine Verantwortung oder Gew\u00e4hrleistung f\u00fcr solche Informationen und Inhalte und macht in diesem Zusammenhang auch keinerlei Zusicherungen. Dies schlie\u00dft insbesondere Genauigkeit, Inhalt, Qualit\u00e4t und Aktualit\u00e4t dieser Webseiten ein.<\/p>\n<p>Endress+Hauser ist weder f\u00fcr die Informationen und Inhalte auf den Webseiten von Dritten noch f\u00fcr Webseiten, die einen Link zu den Endress+Hauser Webseiten enthalten oder diese in Bildern darstellen, haftbar.<\/p>\n<div><\/div>\n<h3 class=\"h h3\">10. Schlussbestimmungen<\/h3>\n<p>10.1 Sollten individuelle Bestimmungen dieser Nutzungsbedingungen vollst\u00e4ndig oder teilweise ung\u00fcltig sein, bleiben die \u00fcbrigen Bedingungen weiterhin g\u00fcltig.<\/p>\n<p>10.2 Nebenabsprachen zu diesen Nutzungsbedingungen haben in schriftlicher Form zu erfolgen.<\/p>\n<p>10.3 Es gilt schweizerisches Recht unter Ausschlussdes UN-\u00dcbereinkommens \u00fcber Vertr\u00e4ge \u00fcber den internationalen Warenkauf (CSIG).<\/p>\n<p>10.4 Gerichtsstand ist der Gesch\u00e4ftssitz der Endress+Hauser SE+Co. KG.<\/p>\n<\/div>\n<\/div><\/section><\/div>\n","protected":false},"excerpt":{"rendered":"","protected":false},"author":4,"featured_media":0,"parent":0,"menu_order":0,"comment_status":"closed","ping_status":"closed","template":"","meta":{"inline_featured_image":false,"footnotes":""},"class_list":["post-2200","page","type-page","status-publish","hentry"],"yoast_head":"<!-- This site is optimized with the Yoast SEO plugin v27.0 - https:\/\/yoast.com\/product\/yoast-seo-wordpress\/ -->\n<title>Nutzungsbedingungen - Customized Pressure Sensors and Components<\/title>\n<meta name=\"robots\" content=\"index, follow, max-snippet:-1, max-image-preview:large, max-video-preview:-1\" \/>\n<link rel=\"canonical\" href=\"https:\/\/www.sensors-components.endress.com\/de\/nutzungsbedingungen\/\" \/>\n<meta property=\"og:locale\" content=\"de_DE\" \/>\n<meta property=\"og:type\" content=\"article\" \/>\n<meta property=\"og:title\" content=\"Nutzungsbedingungen - Customized Pressure Sensors and Components\" \/>\n<meta property=\"og:url\" content=\"https:\/\/www.sensors-components.endress.com\/de\/nutzungsbedingungen\/\" \/>\n<meta property=\"og:site_name\" content=\"Customized Pressure Sensors and Components\" \/>\n<meta property=\"article:modified_time\" content=\"2022-12-20T10:14:29+00:00\" \/>\n<meta name=\"twitter:card\" content=\"summary_large_image\" \/>\n<meta name=\"twitter:label1\" content=\"Gesch\u00e4tzte Lesezeit\" \/>\n\t<meta name=\"twitter:data1\" content=\"6\u00a0Minuten\" \/>\n<script type=\"application\/ld+json\" class=\"yoast-schema-graph\">{\"@context\":\"https:\/\/schema.org\",\"@graph\":[{\"@type\":\"WebPage\",\"@id\":\"https:\/\/www.sensors-components.endress.com\/de\/nutzungsbedingungen\/\",\"url\":\"https:\/\/www.sensors-components.endress.com\/de\/nutzungsbedingungen\/\",\"name\":\"Nutzungsbedingungen - Customized Pressure Sensors and Components\",\"isPartOf\":{\"@id\":\"https:\/\/www.sensors-components.endress.com\/de\/#website\"},\"datePublished\":\"2019-02-05T13:55:16+00:00\",\"dateModified\":\"2022-12-20T10:14:29+00:00\",\"breadcrumb\":{\"@id\":\"https:\/\/www.sensors-components.endress.com\/de\/nutzungsbedingungen\/#breadcrumb\"},\"inLanguage\":\"de\",\"potentialAction\":[{\"@type\":\"ReadAction\",\"target\":[\"https:\/\/www.sensors-components.endress.com\/de\/nutzungsbedingungen\/\"]}]},{\"@type\":\"BreadcrumbList\",\"@id\":\"https:\/\/www.sensors-components.endress.com\/de\/nutzungsbedingungen\/#breadcrumb\",\"itemListElement\":[{\"@type\":\"ListItem\",\"position\":1,\"name\":\"Startseite\",\"item\":\"https:\/\/www.sensors-components.endress.com\/de\/start\/\"},{\"@type\":\"ListItem\",\"position\":2,\"name\":\"Nutzungsbedingungen\"}]},{\"@type\":\"WebSite\",\"@id\":\"https:\/\/www.sensors-components.endress.com\/de\/#website\",\"url\":\"https:\/\/www.sensors-components.endress.com\/de\/\",\"name\":\"Customized Pressure Sensors and Components\",\"description\":\"\",\"potentialAction\":[{\"@type\":\"SearchAction\",\"target\":{\"@type\":\"EntryPoint\",\"urlTemplate\":\"https:\/\/www.sensors-components.endress.com\/de\/?s={search_term_string}\"},\"query-input\":{\"@type\":\"PropertyValueSpecification\",\"valueRequired\":true,\"valueName\":\"search_term_string\"}}],\"inLanguage\":\"de\"}]}<\/script>\n<!-- \/ Yoast SEO plugin. -->","yoast_head_json":{"title":"Nutzungsbedingungen - Customized Pressure Sensors and Components","robots":{"index":"index","follow":"follow","max-snippet":"max-snippet:-1","max-image-preview":"max-image-preview:large","max-video-preview":"max-video-preview:-1"},"canonical":"https:\/\/www.sensors-components.endress.com\/de\/nutzungsbedingungen\/","og_locale":"de_DE","og_type":"article","og_title":"Nutzungsbedingungen - Customized Pressure Sensors and Components","og_url":"https:\/\/www.sensors-components.endress.com\/de\/nutzungsbedingungen\/","og_site_name":"Customized Pressure Sensors and Components","article_modified_time":"2022-12-20T10:14:29+00:00","twitter_card":"summary_large_image","twitter_misc":{"Gesch\u00e4tzte Lesezeit":"6\u00a0Minuten"},"schema":{"@context":"https:\/\/schema.org","@graph":[{"@type":"WebPage","@id":"https:\/\/www.sensors-components.endress.com\/de\/nutzungsbedingungen\/","url":"https:\/\/www.sensors-components.endress.com\/de\/nutzungsbedingungen\/","name":"Nutzungsbedingungen - Customized Pressure Sensors and Components","isPartOf":{"@id":"https:\/\/www.sensors-components.endress.com\/de\/#website"},"datePublished":"2019-02-05T13:55:16+00:00","dateModified":"2022-12-20T10:14:29+00:00","breadcrumb":{"@id":"https:\/\/www.sensors-components.endress.com\/de\/nutzungsbedingungen\/#breadcrumb"},"inLanguage":"de","potentialAction":[{"@type":"ReadAction","target":["https:\/\/www.sensors-components.endress.com\/de\/nutzungsbedingungen\/"]}]},{"@type":"BreadcrumbList","@id":"https:\/\/www.sensors-components.endress.com\/de\/nutzungsbedingungen\/#breadcrumb","itemListElement":[{"@type":"ListItem","position":1,"name":"Startseite","item":"https:\/\/www.sensors-components.endress.com\/de\/start\/"},{"@type":"ListItem","position":2,"name":"Nutzungsbedingungen"}]},{"@type":"WebSite","@id":"https:\/\/www.sensors-components.endress.com\/de\/#website","url":"https:\/\/www.sensors-components.endress.com\/de\/","name":"Customized Pressure Sensors and Components","description":"","potentialAction":[{"@type":"SearchAction","target":{"@type":"EntryPoint","urlTemplate":"https:\/\/www.sensors-components.endress.com\/de\/?s={search_term_string}"},"query-input":{"@type":"PropertyValueSpecification","valueRequired":true,"valueName":"search_term_string"}}],"inLanguage":"de"}]}},"_links":{"self":[{"href":"https:\/\/www.sensors-components.endress.com\/de\/wp-json\/wp\/v2\/pages\/2200","targetHints":{"allow":["GET"]}}],"collection":[{"href":"https:\/\/www.sensors-components.endress.com\/de\/wp-json\/wp\/v2\/pages"}],"about":[{"href":"https:\/\/www.sensors-components.endress.com\/de\/wp-json\/wp\/v2\/types\/page"}],"author":[{"embeddable":true,"href":"https:\/\/www.sensors-components.endress.com\/de\/wp-json\/wp\/v2\/users\/4"}],"replies":[{"embeddable":true,"href":"https:\/\/www.sensors-components.endress.com\/de\/wp-json\/wp\/v2\/comments?post=2200"}],"version-history":[{"count":3,"href":"https:\/\/www.sensors-components.endress.com\/de\/wp-json\/wp\/v2\/pages\/2200\/revisions"}],"predecessor-version":[{"id":11159,"href":"https:\/\/www.sensors-components.endress.com\/de\/wp-json\/wp\/v2\/pages\/2200\/revisions\/11159"}],"wp:attachment":[{"href":"https:\/\/www.sensors-components.endress.com\/de\/wp-json\/wp\/v2\/media?parent=2200"}],"curies":[{"name":"wp","href":"https:\/\/api.w.org\/{rel}","templated":true}]}}