{"id":9427,"date":"2022-08-20T13:49:30","date_gmt":"2022-08-20T13:49:30","guid":{"rendered":"https:\/\/www.sensors-components.endress.com\/?page_id=9427"},"modified":"2025-05-06T05:49:06","modified_gmt":"2025-05-06T05:49:06","slug":"ceracore-usc70","status":"publish","type":"page","link":"https:\/\/www.sensors-components.endress.com\/de\/produkte\/absolutdruck-relativdruck\/ceracore-usc70\/","title":{"rendered":"Ceracore USC70"},"content":{"rendered":"<div   class='avia-fullscreen-slider main_color   avia-builder-el-0  el_before_av_layout_row  avia-builder-el-first  container_wrap fullsize'  ><a href='#next-section' title='' class='scroll-down-link av-control-default avia-svg-icon avia-font-svg_entypo-fontello' data-av_svg_icon='down-open-mini' data-av_iconset='svg_entypo-fontello'><svg version=\"1.1\" xmlns=\"http:\/\/www.w3.org\/2000\/svg\" width=\"15\" height=\"32\" viewBox=\"0 0 15 32\" preserveAspectRatio=\"xMidYMid meet\" aria-labelledby='av-svg-title-1' aria-describedby='av-svg-desc-1' role=\"graphics-symbol\" aria-hidden=\"true\">\n<title id='av-svg-title-1'>Scroll to next section<\/title>\n<desc id='av-svg-desc-1'>Scroll to next section<\/desc>\n<path d=\"M12.96 12.16q0.704-0.832 1.536 0 0.832 0.704 0 1.536l-6.272 6.144q-0.704 0.704-1.536 0l-6.272-6.144q-0.832-0.832 0-1.536 0.768-0.768 1.6 0l5.44 4.992z\"><\/path>\n<\/svg><\/a><div  class='avia-slideshow av-jrlrpkuj-fbee77929e9ccb77c6e345edadc8026a avia-slideshow-no scaling av_fullscreen avia-slide-slider av-slideshow-ui av-control-default av-slideshow-manual av-loop-once av-loop-manual-endless av-slider-scroll-down-active av-default-height-applied   avia-slideshow-1' data-slideshow-options=\"{&quot;animation&quot;:&quot;slide&quot;,&quot;autoplay&quot;:false,&quot;loop_autoplay&quot;:&quot;once&quot;,&quot;interval&quot;:5,&quot;loop_manual&quot;:&quot;manual-endless&quot;,&quot;autoplay_stopper&quot;:false,&quot;noNavigation&quot;:false,&quot;bg_slider&quot;:true,&quot;keep_padding&quot;:false,&quot;hoverpause&quot;:false,&quot;show_slide_delay&quot;:0,&quot;slide_height&quot;:&quot;100&quot;,&quot;image_attachment&quot;:&quot;&quot;}\"  itemprop=\"image\" itemscope=\"itemscope\" itemtype=\"https:\/\/schema.org\/ImageObject\" ><ul class='avia-slideshow-inner ' style='padding-bottom: 21.863636363636%;'><li style='background-position:center right;' data-img-url='https:\/\/www.sensors-components.endress.com\/wp-content\/uploads\/2024\/07\/USC70-scaled-1.png' class='avia-slideshow-slide av-jrlrpkuj-fbee77929e9ccb77c6e345edadc8026a__0  av-single-slide slide-1 slide-odd'><div data-rel='slideshow-1' class='avia-slide-wrap '   ><\/div><\/li><\/ul><\/div><\/div>\n<div id='av-layout-grid-1'  class='av-layout-grid-container av-g7wh3-8a4ef813ea756663901054132239d455 entry-content-wrapper main_color av-flex-cells  avia-builder-el-1  el_after_av_fullscreen  el_before_av_textblock  grid-row-not-first  container_wrap fullsize'  >\n\n<style type=\"text\/css\" data-created_by=\"avia_inline_auto\" id=\"style-css-av-9r5m7-deefba14e417f176146f9f5e0e2e569f\">\n.flex_cell.av-9r5m7-deefba14e417f176146f9f5e0e2e569f{\nvertical-align:top;\n}\n.responsive #top #wrap_all .flex_cell.av-9r5m7-deefba14e417f176146f9f5e0e2e569f{\npadding:0px 0px 0px 0px !important;\n}\n<\/style>\n<div class='flex_cell av-9r5m7-deefba14e417f176146f9f5e0e2e569f av-gridrow-cell av_one_full no_margin  avia-builder-el-2  avia-builder-el-no-sibling  content-align-top av-zero-padding'  ><div class='flex_cell_inner'><\/div><\/div>\n<\/div><div id='after_grid_row_1'  class='main_color av_default_container_wrap container_wrap fullsize'  ><div class='container av-section-cont-open' ><div class='template-page content  av-content-full alpha units'><div class='post-entry post-entry-type-page post-entry-9427'><div class='entry-content-wrapper clearfix'>\n<section  class='av_textblock_section av-l71nq1rw-9b2d0687cffc4c04c8e24a160b824e76 '   itemscope=\"itemscope\" itemtype=\"https:\/\/schema.org\/CreativeWork\" ><div class='avia_textblock'  itemprop=\"text\" ><h1>Ceracore USC70<\/h1>\n<h3>Millionenfach bew\u00e4hrt: Unsere kapazitiv keramische Messzelle mit Au\u00dfendurchmesser 32,4 mm<\/h3>\n<\/div><\/section>\n<section  class='av_textblock_section av-l71uzja4-861ef1af87378a6113a03ade7fd82379 '   itemscope=\"itemscope\" itemtype=\"https:\/\/schema.org\/CreativeWork\" ><div class='avia_textblock'  itemprop=\"text\" ><p><span style=\"font-weight: 400;\">Als Herzst\u00fcck von Druckmessger\u00e4ten garantiert die kapazitiv keramische Messzelle Ceracore in Millionen von Endress+Hauser-Druckmessger\u00e4ten und kundenspezifischen Anwendungen eine kosteneffiziente, zuverl\u00e4ssige und sichere Prozesssteuerung. Die Ceracore-Messzelle bietet Ihnen eine hervorragende Performance, flexible Anpassungen an Ihre Anwendung und eine applikationsspezifische Konfiguration. F\u00fcr sichere Messungen und ein besonderes Ma\u00df an Stabilit\u00e4t.<\/span><\/p>\n<\/div><\/section>\n<div  class='hr av-13y2dve-23121b4b7a8ca286789848e13149f038 hr-default  avia-builder-el-5  el_after_av_textblock  el_before_av_one_full '><span class='hr-inner '><span class=\"hr-inner-style\"><\/span><\/span><\/div>\n<div  class='flex_column av-18vf62-273807b92f670db2ab37c1ba2128be1a av_one_full  avia-builder-el-6  el_after_av_hr  el_before_av_one_full  first flex_column_div  '     ><section  class='av_textblock_section av-ag4d0a-2d34c333041f8c3c2903c8f18488a951 '   itemscope=\"itemscope\" itemtype=\"https:\/\/schema.org\/CreativeWork\" ><div class='avia_textblock'  itemprop=\"text\" ><h2>Ceracore USC70 im \u00dcberblick<\/h2>\n<\/div><\/section><\/div>\n<div  class='flex_column av-39u3lv-bac84bdff98a2ac2bc00180beb3cc529 av_one_full  avia-builder-el-8  el_after_av_one_full  el_before_av_section  avia-builder-el-last  first flex_column_div  column-top-margin'     ><section  class='av_textblock_section av-l736iwf2-3394a0431d7ac2c4e17d51255674c910 '   itemscope=\"itemscope\" itemtype=\"https:\/\/schema.org\/CreativeWork\" ><div class='avia_textblock'  itemprop=\"text\" ><ul>\n<li style=\"list-style-type: none; padding-left: 56px; margin-left: 0; background: url('\/wp-content\/uploads\/2022\/08\/patentierte-technik.png') no-repeat 0px 6px;\"><strong>Patentierte Technik<br \/>\n<\/strong><span style=\"font-weight: 400;\">Patentierte, metallische Aktivlotverbindung von Sensor-Grundelement und Membran.<\/span><\/li>\n<\/ul>\n<ul>\n<li style=\"list-style-type: none; padding-left: 56px; margin-left: 0; background: url('\/wp-content\/uploads\/2022\/08\/ready-to-use.png') no-repeat 0px 6px;\"><strong>Ready-to-use<br \/>\n<\/strong>Die Messzelle ist bereits werkseitig voreingestellt (D\u00e4mpfung, Turn-down, Messbereich u. a.) sowie linearisiert und temperaturkompensiert.<\/li>\n<\/ul>\n<ul>\n<li style=\"list-style-type: none; padding-left: 56px; margin-left: 0; background: url('\/wp-content\/uploads\/2022\/08\/messbereiche.png') no-repeat 0px 6px;\"><strong>Standardisierte Messbereiche<br \/>\n<\/strong><span style=\"font-weight: 400;\">Messbereiche von 100 mbar bis 40 bar sorgen f\u00fcr flexible Anwendbarkeit.<\/span><\/li>\n<\/ul>\n<ul>\n<li style=\"list-style-type: none; padding-left: 56px; margin-left: 0; background: url('\/wp-content\/uploads\/2022\/08\/vielseitige-kommunikation.png') no-repeat 0px 6px;\"><strong>Vielseitige Kommunikation<br \/>\n<\/strong><span style=\"font-weight: 400;\">Das Ausgangssignal erfolgt analog (ratiometrisch, absolut), digital (SPI, UART) oder kombiniert.<\/span><\/li>\n<\/ul>\n<ul>\n<li style=\"list-style-type: none; padding-left: 56px; margin-left: 0; background: url('\/wp-content\/uploads\/2022\/08\/breite-anwendung.png') no-repeat 0px 6px;\"><strong>Breite Anwendung<br \/>\n<\/strong><span style=\"font-weight: 400;\">Hochreine Keramik (99,9 % Al2O3) macht die Messzelle f\u00fcr verschiedene Prozessmedien hochbest\u00e4ndig und chemisch neutral.<\/span><\/li>\n<\/ul>\n<ul>\n<li style=\"list-style-type: none; padding-left: 56px; margin-left: 0; background: url('\/wp-content\/uploads\/2022\/08\/kundenseitig-konfigurierbar.png') no-repeat 0px 6px;\"><strong>Kundenseitig konfigurierbar<br \/>\n<\/strong><span style=\"font-weight: 400;\">Die Messzelle l\u00e4sst sich anwendungsspezifisch konfigurieren.<\/span><\/li>\n<\/ul>\n<\/div><\/section><\/div>\n<\/div><\/div><\/div><!-- close content main div --><\/div><\/div>\n<style type=\"text\/css\" data-created_by=\"avia_inline_auto\" id=\"style-css-av-afa5ar-47e15890a5400c86ca88fbadf4cc790d\">\n.avia-section.av-afa5ar-47e15890a5400c86ca88fbadf4cc790d{\nbackground-color:#dddddd;\nbackground-image:unset;\n}\n<\/style>\n<div id='av_section_1'  class='avia-section av-afa5ar-47e15890a5400c86ca88fbadf4cc790d main_color avia-section-default avia-no-border-styling  avia-builder-el-10  el_after_av_one_full  el_before_av_hr  avia-bg-style-scroll container_wrap fullsize'  ><div class='container av-section-cont-open' ><div class='template-page content  av-content-full alpha units'><div class='post-entry post-entry-type-page post-entry-9427'><div class='entry-content-wrapper clearfix'>\n<div  class='flex_column av-94smdv-a7a5621b3d2d205744a3f0c33e447dd0 av_one_third  avia-builder-el-11  el_before_av_one_third  avia-builder-el-first  first flex_column_div  '     ><style type=\"text\/css\" data-created_by=\"avia_inline_auto\" id=\"style-css-av-73f5sj-bf1d22b6d5cddb31d3ec95a79e64880e\">\n.avia-image-container.av-73f5sj-bf1d22b6d5cddb31d3ec95a79e64880e img.avia_image{\nbox-shadow:none;\n}\n.avia-image-container.av-73f5sj-bf1d22b6d5cddb31d3ec95a79e64880e .av-image-caption-overlay-center{\ncolor:#ffffff;\n}\n<\/style>\n<div  class='avia-image-container av-73f5sj-bf1d22b6d5cddb31d3ec95a79e64880e av-styling- avia-align-center  avia-builder-el-12  avia-builder-el-no-sibling '   itemprop=\"image\" itemscope=\"itemscope\" itemtype=\"https:\/\/schema.org\/ImageObject\" ><div class=\"avia-image-container-inner\"><div class=\"avia-image-overlay-wrap\"><img decoding=\"async\" fetchpriority=\"high\" class='wp-image-10631 avia-img-lazy-loading-not-10631 avia_image ' src=\"https:\/\/www.sensors-components.endress.com\/wp-content\/uploads\/2024\/09\/Broschure_en-300x273.png\" alt='' title='brochure'  height=\"273\" width=\"300\"  itemprop=\"thumbnailUrl\" srcset=\"https:\/\/www.sensors-components.endress.com\/wp-content\/uploads\/2024\/09\/Broschure_en-300x273.png 300w, https:\/\/www.sensors-components.endress.com\/wp-content\/uploads\/2024\/09\/Broschure_en.png 644w\" sizes=\"(max-width: 300px) 100vw, 300px\" \/><\/div><\/div><\/div><\/div><div  class='flex_column av-n53ub-a1419f2d4764063cbdf2faeba8ac37b0 av_one_third  avia-builder-el-13  el_after_av_one_third  avia-builder-el-last  flex_column_div  '     ><section  class='av_textblock_section av-4e3n8z-51a526fc01025023b0755e2b5d0355b3 '   itemscope=\"itemscope\" itemtype=\"https:\/\/schema.org\/CreativeWork\" ><div class='avia_textblock'  itemprop=\"text\" ><h2>Jetzt zu ma\u00dfgeschneiderten Sensoren &amp; Komponenten informieren<\/h2>\n<p><strong>Brosch\u00fcre: Kundenspezifische Sensoren und Komponenten<\/strong><\/p>\n<p>(PDF, 1.5 MB)<\/p>\n<\/div><\/section><br \/>\n<div  class='avia-button-wrap av-1ulbkj-aa2a826c274f5614a268042965d2e915-wrap avia-button-left  avia-builder-el-15  el_after_av_textblock  avia-builder-el-last '><a href='\/wp-content\/uploads\/2022\/09\/Broschure_DE_GSC.pdf'  class='avia-button av-1ulbkj-aa2a826c274f5614a268042965d2e915 av-link-btn avia-icon_select-yes-right-icon avia-size-medium avia-position-left avia-color-theme-color'  target=\"_blank\"  rel=\"noopener noreferrer\"  aria-label=\"Brosch\u00fcre downloaden\"><span class='avia_iconbox_title' >Brosch\u00fcre downloaden<\/span><span class='avia_button_icon avia_button_icon_right avia-iconfont avia-font-entypo-fontello' data-av_icon='\ue82d' data-av_iconfont='entypo-fontello' ><\/span><\/a><\/div><\/p><\/div><\/div><\/div><\/div><!-- close content main div --><\/div><\/div><div id='after_section_1'  class='main_color av_default_container_wrap container_wrap fullsize'  ><div class='container av-section-cont-open' ><div class='template-page content  av-content-full alpha units'><div class='post-entry post-entry-type-page post-entry-9427'><div class='entry-content-wrapper clearfix'>\n<style type=\"text\/css\" data-created_by=\"avia_inline_auto\" id=\"style-css-av-1jycper-d86f550f6201b45020d6e8029f8b62dd\">\n#top .hr.hr-invisible.av-1jycper-d86f550f6201b45020d6e8029f8b62dd{\nheight:60px;\n}\n<\/style>\n<div  class='hr av-1jycper-d86f550f6201b45020d6e8029f8b62dd hr-invisible  avia-builder-el-16  el_after_av_section  el_before_av_textblock  avia-builder-el-first '><span class='hr-inner '><span class=\"hr-inner-style\"><\/span><\/span><\/div><\/p>\n\n<style type=\"text\/css\" data-created_by=\"avia_inline_auto\" id=\"style-css-av-5ez8gj-e35e8607515476a96ec8122fe7fc9a84\">\n#top .av_textblock_section.av-5ez8gj-e35e8607515476a96ec8122fe7fc9a84 .avia_textblock{\ncolor:#007ca9;\n}\n<\/style>\n<section  class='av_textblock_section av-5ez8gj-e35e8607515476a96ec8122fe7fc9a84 '   itemscope=\"itemscope\" itemtype=\"https:\/\/schema.org\/CreativeWork\" ><div class='avia_textblock av_inherit_color'  itemprop=\"text\" ><h2 style=\"color: #000;\">Ceracore USC70<\/h2>\n<\/div><\/section>\n\n<style type=\"text\/css\" data-created_by=\"avia_inline_auto\" id=\"style-css-av-15svnmr-ff5ddaac6e7c5cb2c55619b4f7f410dc\">\n.flex_column.av-15svnmr-ff5ddaac6e7c5cb2c55619b4f7f410dc{\nborder-radius:0px 0px 0px 0px;\npadding:0px 0px 0px 0px;\n}\n<\/style>\n<div  class='flex_column av-15svnmr-ff5ddaac6e7c5cb2c55619b4f7f410dc av_one_full  avia-builder-el-18  el_after_av_textblock  el_before_av_one_half  first flex_column_div av-zero-column-padding  column-top-margin'     ><section  class='av_textblock_section av-14lhl2b-05bf53071e69d90e721b35bd688ef4f4 '   itemscope=\"itemscope\" itemtype=\"https:\/\/schema.org\/CreativeWork\" ><div class='avia_textblock'  itemprop=\"text\" ><p>Der Ceracore USC 70 basiert auf der gleichen kapazitiv keramischen Technologie wie der USC30. Einzig der Au\u00dfendurchmesser ist fast doppelt so gro\u00df.<\/p>\n<ul>\n<li>Au\u00dfendurchmesser von 32,4 mm<\/li>\n<li>Standardisierte Messbereiche von 0 &#8230; 100 mbar bis 0 &#8230; 40 bar<\/li>\n<li>Patentierte metallische Aktivlotverbindung von Sensor-Grundelement und Membran<\/li>\n<li>Metallische Beschichtung des Sensor-Grundelements f\u00fcr eine reduzierte Einbauempfindlichkeit<\/li>\n<li>Hergestellt aus hochreiner Keramik (99,9 % Al<sub>2<\/sub>O<sub>3<\/sub>) und damit gegen\u00fcber den verschiedensten Prozessmedien hochbest\u00e4ndig und chemisch neutral<\/li>\n<li>Als trockene Messzelle ohne Verwendung von \u00d6l zur Druck\u00fcbertragung ist der Ceracore vakuumresistent<\/li>\n<li>Hohe \u00dcberlastfestigkeit<\/li>\n<li>Linearisiertes und temperaturkompensiertes Ausgangssignal<\/li>\n<\/ul>\n<\/div><\/section><\/div>\n\n<style type=\"text\/css\" data-created_by=\"avia_inline_auto\" id=\"style-css-av-3y15mr-23771dd67ab12f348e13d6558f970597\">\n.flex_column.av-3y15mr-23771dd67ab12f348e13d6558f970597{\nborder-radius:0px 0px 0px 0px;\npadding:0px 0px 0px 0px;\n}\n<\/style>\n<div  class='flex_column av-3y15mr-23771dd67ab12f348e13d6558f970597 av_one_half  avia-builder-el-20  el_after_av_one_full  el_before_av_one_half  first flex_column_div av-zero-column-padding  column-top-margin'     ><section  class='av_textblock_section av-3s6w6r-515088b3c05ff2a9a36d87ab0e8def6a '   itemscope=\"itemscope\" itemtype=\"https:\/\/schema.org\/CreativeWork\" ><div class='avia_textblock'  itemprop=\"text\" ><p><strong>Schnittstellen zur Kommunikation<\/strong><\/p>\n<ul>\n<li>Analoges Ausgangssignal\n<ul>\n<li>Ratiometrisch<\/li>\n<li>Absolut<\/li>\n<\/ul>\n<\/li>\n<li>Digitales Ausgangssignal\n<ul>\n<li>SPI<\/li>\n<li>UART<\/li>\n<\/ul>\n<\/li>\n<li>Digitales und analoges Ausgangssignal kombinierbar<\/li>\n<li>Schaltausgang<\/li>\n<li>Temperaturausgang<\/li>\n<\/ul>\n<\/div><\/section><\/div>\n\n<style type=\"text\/css\" data-created_by=\"avia_inline_auto\" id=\"style-css-av-10bp3sj-5877e46fdfe64f7dc9cd68774010ae7f\">\n.flex_column.av-10bp3sj-5877e46fdfe64f7dc9cd68774010ae7f{\nborder-radius:0px 0px 0px 0px;\npadding:0px 0px 0px 0px;\n}\n<\/style>\n<div  class='flex_column av-10bp3sj-5877e46fdfe64f7dc9cd68774010ae7f av_one_half  avia-builder-el-22  el_after_av_one_half  el_before_av_hr  flex_column_div av-zero-column-padding  column-top-margin'     ><section  class='av_textblock_section av-y598ub-2331275566bd57c7a2a0fd034502df2c '   itemscope=\"itemscope\" itemtype=\"https:\/\/schema.org\/CreativeWork\" ><div class='avia_textblock'  itemprop=\"text\" ><p><strong>Anwendungsspezifische Konfiguration<\/strong><\/p>\n<ul>\n<li>Sensor werksseitig vorkonfiguriert (D\u00e4mpfung, Turn-down, Messbereich, u.a.)<\/li>\n<li>Einstellbare Messrate f\u00fcr optimale Aufl\u00f6sung\/ Stromverbrauch<\/li>\n<li>Kundenseitige Konfiguration m\u00f6glich<\/li>\n<li>Ausgabe eines zus\u00e4tzlichen Temperatursignals m\u00f6glich<\/li>\n<li>Stromaufnahme &lt;1,6 mA<\/li>\n<\/ul>\n<\/div><\/section><\/div>\n\n<style type=\"text\/css\" data-created_by=\"avia_inline_auto\" id=\"style-css-av-37jsn7-280d961f232aa3ff3151a3a09fec5450\">\n#top .hr.hr-invisible.av-37jsn7-280d961f232aa3ff3151a3a09fec5450{\nheight:10px;\n}\n<\/style>\n<div  class='hr av-37jsn7-280d961f232aa3ff3151a3a09fec5450 hr-invisible  avia-builder-el-24  el_after_av_one_half  el_before_av_one_half '><span class='hr-inner '><span class=\"hr-inner-style\"><\/span><\/span><\/div>\n\n<style type=\"text\/css\" data-created_by=\"avia_inline_auto\" id=\"style-css-av-uxrd77-75df26bcd55b7fe86c1a69f900def0c2\">\n.flex_column.av-uxrd77-75df26bcd55b7fe86c1a69f900def0c2{\nborder-radius:0px 0px 0px 0px;\npadding:0px 0px 0px 0px;\n}\n<\/style>\n<div  class='flex_column av-uxrd77-75df26bcd55b7fe86c1a69f900def0c2 av_one_half  avia-builder-el-25  el_after_av_hr  el_before_av_one_half  first flex_column_div av-zero-column-padding  '     ><section  class='av_textblock_section av-sr2xlv-65b6af5d5ee99c0b95e02ea17deccf08 '   itemscope=\"itemscope\" itemtype=\"https:\/\/schema.org\/CreativeWork\" ><div class='avia_textblock'  itemprop=\"text\" ><p><strong>Sicherheit<\/strong><\/p>\n<ul>\n<li>Selbst\u00fcberwachte Messzelle f\u00fcr h\u00f6chste Sicherheit<\/li>\n<li>Kommunikation \u00fcber sichere Protokolle<\/li>\n<li>Zulassungsf\u00e4hig z. B. ATEX<\/li>\n<li>RoHS-konform<\/li>\n<li>FDA-gelistete Materialien<\/li>\n<\/ul>\n<\/div><\/section><\/div>\n\n<style type=\"text\/css\" data-created_by=\"avia_inline_auto\" id=\"style-css-av-qt902b-0b7ceef80f5396c29f417c6a768e482d\">\n.flex_column.av-qt902b-0b7ceef80f5396c29f417c6a768e482d{\nborder-radius:0px 0px 0px 0px;\npadding:0px 0px 0px 0px;\n}\n<\/style>\n<div  class='flex_column av-qt902b-0b7ceef80f5396c29f417c6a768e482d av_one_half  avia-builder-el-27  el_after_av_one_half  el_before_av_hr  flex_column_div av-zero-column-padding  '     ><section  class='av_textblock_section av-p63stv-e59cd8fff87c2a2001bad2191d1ae2f0 '   itemscope=\"itemscope\" itemtype=\"https:\/\/schema.org\/CreativeWork\" ><div class='avia_textblock'  itemprop=\"text\" ><p><strong>Weiterf\u00fchrende Informationen:<\/strong><\/p>\n<ul>\n<li><a href=\"https:\/\/www.sensors-components.endress.com\/wp-content\/uploads\/2022\/05\/TI01651ODE_0121_2022-04-06.pdf\" target=\"_blank\" rel=\"noopener\">Technische Information (TI)<\/a><\/li>\n<\/ul>\n<\/div><\/section><\/div>\n\n<style type=\"text\/css\" data-created_by=\"avia_inline_auto\" id=\"style-css-av-2gui5v-7805a498575dc30bcceb0bfa1bdaff34\">\n#top .hr.hr-invisible.av-2gui5v-7805a498575dc30bcceb0bfa1bdaff34{\nheight:50px;\n}\n<\/style>\n<div  class='hr av-2gui5v-7805a498575dc30bcceb0bfa1bdaff34 hr-invisible  avia-builder-el-29  el_after_av_one_half  avia-builder-el-last '><span class='hr-inner '><span class=\"hr-inner-style\"><\/span><\/span><\/div>\n","protected":false},"excerpt":{"rendered":"","protected":false},"author":7,"featured_media":0,"parent":9308,"menu_order":0,"comment_status":"closed","ping_status":"closed","template":"","meta":{"inline_featured_image":false,"footnotes":""},"class_list":["post-9427","page","type-page","status-publish","hentry"],"yoast_head":"<!-- This site is optimized with the Yoast SEO plugin v27.0 - https:\/\/yoast.com\/product\/yoast-seo-wordpress\/ -->\n<title>Ceracore USC70 - Customized Pressure Sensors and Components<\/title>\n<meta name=\"robots\" content=\"index, follow, max-snippet:-1, max-image-preview:large, max-video-preview:-1\" \/>\n<link rel=\"canonical\" href=\"https:\/\/www.sensors-components.endress.com\/de\/produkte\/absolutdruck-relativdruck\/ceracore-usc70\/\" \/>\n<meta property=\"og:locale\" content=\"de_DE\" \/>\n<meta property=\"og:type\" content=\"article\" \/>\n<meta property=\"og:title\" content=\"Ceracore USC70 - Customized Pressure Sensors and Components\" \/>\n<meta property=\"og:url\" content=\"https:\/\/www.sensors-components.endress.com\/de\/produkte\/absolutdruck-relativdruck\/ceracore-usc70\/\" \/>\n<meta property=\"og:site_name\" content=\"Customized Pressure Sensors and Components\" \/>\n<meta property=\"article:modified_time\" content=\"2025-05-06T05:49:06+00:00\" \/>\n<meta name=\"twitter:card\" content=\"summary_large_image\" \/>\n<meta name=\"twitter:label1\" content=\"Gesch\u00e4tzte Lesezeit\" \/>\n\t<meta name=\"twitter:data1\" content=\"2\u00a0Minuten\" \/>\n<script type=\"application\/ld+json\" class=\"yoast-schema-graph\">{\"@context\":\"https:\/\/schema.org\",\"@graph\":[{\"@type\":\"WebPage\",\"@id\":\"https:\/\/www.sensors-components.endress.com\/de\/produkte\/absolutdruck-relativdruck\/ceracore-usc70\/\",\"url\":\"https:\/\/www.sensors-components.endress.com\/de\/produkte\/absolutdruck-relativdruck\/ceracore-usc70\/\",\"name\":\"Ceracore USC70 - Customized Pressure Sensors and Components\",\"isPartOf\":{\"@id\":\"https:\/\/www.sensors-components.endress.com\/de\/#website\"},\"datePublished\":\"2022-08-20T13:49:30+00:00\",\"dateModified\":\"2025-05-06T05:49:06+00:00\",\"breadcrumb\":{\"@id\":\"https:\/\/www.sensors-components.endress.com\/de\/produkte\/absolutdruck-relativdruck\/ceracore-usc70\/#breadcrumb\"},\"inLanguage\":\"de\",\"potentialAction\":[{\"@type\":\"ReadAction\",\"target\":[\"https:\/\/www.sensors-components.endress.com\/de\/produkte\/absolutdruck-relativdruck\/ceracore-usc70\/\"]}]},{\"@type\":\"BreadcrumbList\",\"@id\":\"https:\/\/www.sensors-components.endress.com\/de\/produkte\/absolutdruck-relativdruck\/ceracore-usc70\/#breadcrumb\",\"itemListElement\":[{\"@type\":\"ListItem\",\"position\":1,\"name\":\"Startseite\",\"item\":\"https:\/\/www.sensors-components.endress.com\/de\/start\/\"},{\"@type\":\"ListItem\",\"position\":2,\"name\":\"Drucksensoren und Radarsensoren f\u00fcr die Industrie\",\"item\":\"https:\/\/www.sensors-components.endress.com\/de\/produkte\/\"},{\"@type\":\"ListItem\",\"position\":3,\"name\":\"Absolutdruck- und Relativdrucksensoren\",\"item\":\"https:\/\/www.sensors-components.endress.com\/de\/produkte\/absolutdruck-relativdruck\/\"},{\"@type\":\"ListItem\",\"position\":4,\"name\":\"Ceracore USC70\"}]},{\"@type\":\"WebSite\",\"@id\":\"https:\/\/www.sensors-components.endress.com\/de\/#website\",\"url\":\"https:\/\/www.sensors-components.endress.com\/de\/\",\"name\":\"Customized Pressure Sensors and Components\",\"description\":\"\",\"potentialAction\":[{\"@type\":\"SearchAction\",\"target\":{\"@type\":\"EntryPoint\",\"urlTemplate\":\"https:\/\/www.sensors-components.endress.com\/de\/?s={search_term_string}\"},\"query-input\":{\"@type\":\"PropertyValueSpecification\",\"valueRequired\":true,\"valueName\":\"search_term_string\"}}],\"inLanguage\":\"de\"}]}<\/script>\n<!-- \/ Yoast SEO plugin. -->","yoast_head_json":{"title":"Ceracore USC70 - Customized Pressure Sensors and Components","robots":{"index":"index","follow":"follow","max-snippet":"max-snippet:-1","max-image-preview":"max-image-preview:large","max-video-preview":"max-video-preview:-1"},"canonical":"https:\/\/www.sensors-components.endress.com\/de\/produkte\/absolutdruck-relativdruck\/ceracore-usc70\/","og_locale":"de_DE","og_type":"article","og_title":"Ceracore USC70 - Customized Pressure Sensors and Components","og_url":"https:\/\/www.sensors-components.endress.com\/de\/produkte\/absolutdruck-relativdruck\/ceracore-usc70\/","og_site_name":"Customized Pressure Sensors and Components","article_modified_time":"2025-05-06T05:49:06+00:00","twitter_card":"summary_large_image","twitter_misc":{"Gesch\u00e4tzte Lesezeit":"2\u00a0Minuten"},"schema":{"@context":"https:\/\/schema.org","@graph":[{"@type":"WebPage","@id":"https:\/\/www.sensors-components.endress.com\/de\/produkte\/absolutdruck-relativdruck\/ceracore-usc70\/","url":"https:\/\/www.sensors-components.endress.com\/de\/produkte\/absolutdruck-relativdruck\/ceracore-usc70\/","name":"Ceracore USC70 - Customized Pressure Sensors and Components","isPartOf":{"@id":"https:\/\/www.sensors-components.endress.com\/de\/#website"},"datePublished":"2022-08-20T13:49:30+00:00","dateModified":"2025-05-06T05:49:06+00:00","breadcrumb":{"@id":"https:\/\/www.sensors-components.endress.com\/de\/produkte\/absolutdruck-relativdruck\/ceracore-usc70\/#breadcrumb"},"inLanguage":"de","potentialAction":[{"@type":"ReadAction","target":["https:\/\/www.sensors-components.endress.com\/de\/produkte\/absolutdruck-relativdruck\/ceracore-usc70\/"]}]},{"@type":"BreadcrumbList","@id":"https:\/\/www.sensors-components.endress.com\/de\/produkte\/absolutdruck-relativdruck\/ceracore-usc70\/#breadcrumb","itemListElement":[{"@type":"ListItem","position":1,"name":"Startseite","item":"https:\/\/www.sensors-components.endress.com\/de\/start\/"},{"@type":"ListItem","position":2,"name":"Drucksensoren und Radarsensoren f\u00fcr die Industrie","item":"https:\/\/www.sensors-components.endress.com\/de\/produkte\/"},{"@type":"ListItem","position":3,"name":"Absolutdruck- und Relativdrucksensoren","item":"https:\/\/www.sensors-components.endress.com\/de\/produkte\/absolutdruck-relativdruck\/"},{"@type":"ListItem","position":4,"name":"Ceracore USC70"}]},{"@type":"WebSite","@id":"https:\/\/www.sensors-components.endress.com\/de\/#website","url":"https:\/\/www.sensors-components.endress.com\/de\/","name":"Customized Pressure Sensors and Components","description":"","potentialAction":[{"@type":"SearchAction","target":{"@type":"EntryPoint","urlTemplate":"https:\/\/www.sensors-components.endress.com\/de\/?s={search_term_string}"},"query-input":{"@type":"PropertyValueSpecification","valueRequired":true,"valueName":"search_term_string"}}],"inLanguage":"de"}]}},"_links":{"self":[{"href":"https:\/\/www.sensors-components.endress.com\/de\/wp-json\/wp\/v2\/pages\/9427","targetHints":{"allow":["GET"]}}],"collection":[{"href":"https:\/\/www.sensors-components.endress.com\/de\/wp-json\/wp\/v2\/pages"}],"about":[{"href":"https:\/\/www.sensors-components.endress.com\/de\/wp-json\/wp\/v2\/types\/page"}],"author":[{"embeddable":true,"href":"https:\/\/www.sensors-components.endress.com\/de\/wp-json\/wp\/v2\/users\/7"}],"replies":[{"embeddable":true,"href":"https:\/\/www.sensors-components.endress.com\/de\/wp-json\/wp\/v2\/comments?post=9427"}],"version-history":[{"count":40,"href":"https:\/\/www.sensors-components.endress.com\/de\/wp-json\/wp\/v2\/pages\/9427\/revisions"}],"predecessor-version":[{"id":13184,"href":"https:\/\/www.sensors-components.endress.com\/de\/wp-json\/wp\/v2\/pages\/9427\/revisions\/13184"}],"up":[{"embeddable":true,"href":"https:\/\/www.sensors-components.endress.com\/de\/wp-json\/wp\/v2\/pages\/9308"}],"wp:attachment":[{"href":"https:\/\/www.sensors-components.endress.com\/de\/wp-json\/wp\/v2\/media?parent=9427"}],"curies":[{"name":"wp","href":"https:\/\/api.w.org\/{rel}","templated":true}]}}