{"id":9438,"date":"2022-08-20T14:15:33","date_gmt":"2022-08-20T14:15:33","guid":{"rendered":"https:\/\/www.sensors-components.endress.com\/?page_id=9438"},"modified":"2025-05-06T05:51:45","modified_gmt":"2025-05-06T05:51:45","slug":"radarsensor-usr30","status":"publish","type":"page","link":"https:\/\/www.sensors-components.endress.com\/de\/produkte\/radarsensoren\/radarsensor-usr30\/","title":{"rendered":"Radarsensor USR30"},"content":{"rendered":"<div   class='avia-fullscreen-slider main_color   avia-builder-el-0  el_before_av_layout_row  avia-builder-el-first  container_wrap fullsize'  ><a href='#next-section' title='' class='scroll-down-link av-control-default avia-svg-icon avia-font-svg_entypo-fontello' data-av_svg_icon='down-open-mini' data-av_iconset='svg_entypo-fontello'><svg version=\"1.1\" xmlns=\"http:\/\/www.w3.org\/2000\/svg\" width=\"15\" height=\"32\" viewBox=\"0 0 15 32\" preserveAspectRatio=\"xMidYMid meet\" aria-labelledby='av-svg-title-1' aria-describedby='av-svg-desc-1' role=\"graphics-symbol\" aria-hidden=\"true\">\n<title id='av-svg-title-1'>Scroll to next section<\/title>\n<desc id='av-svg-desc-1'>Scroll to next section<\/desc>\n<path d=\"M12.96 12.16q0.704-0.832 1.536 0 0.832 0.704 0 1.536l-6.272 6.144q-0.704 0.704-1.536 0l-6.272-6.144q-0.832-0.832 0-1.536 0.768-0.768 1.6 0l5.44 4.992z\"><\/path>\n<\/svg><\/a><div  class='avia-slideshow av-jrlrpkuj-fbee77929e9ccb77c6e345edadc8026a avia-slideshow-no scaling av_fullscreen avia-slide-slider av-slideshow-ui av-control-default av-slideshow-manual av-loop-once av-loop-manual-endless av-slider-scroll-down-active av-default-height-applied   avia-slideshow-1' data-slideshow-options=\"{&quot;animation&quot;:&quot;slide&quot;,&quot;autoplay&quot;:false,&quot;loop_autoplay&quot;:&quot;once&quot;,&quot;interval&quot;:5,&quot;loop_manual&quot;:&quot;manual-endless&quot;,&quot;autoplay_stopper&quot;:false,&quot;noNavigation&quot;:false,&quot;bg_slider&quot;:true,&quot;keep_padding&quot;:false,&quot;hoverpause&quot;:false,&quot;show_slide_delay&quot;:0,&quot;slide_height&quot;:&quot;100&quot;,&quot;image_attachment&quot;:&quot;&quot;}\"  itemprop=\"image\" itemscope=\"itemscope\" itemtype=\"https:\/\/schema.org\/ImageObject\" ><ul class='avia-slideshow-inner ' style='padding-bottom: 20.833333333333%;'><li style='background-position:center center;' data-img-url='https:\/\/www.sensors-components.endress.com\/wp-content\/uploads\/2024\/07\/USR30_202405065226_1920x400.jpg' class='avia-slideshow-slide av-jrlrpkuj-fbee77929e9ccb77c6e345edadc8026a__0  av-single-slide slide-1 slide-odd'><div data-rel='slideshow-1' class='avia-slide-wrap '   ><\/div><\/li><\/ul><\/div><\/div>\n<div id='av-layout-grid-1'  class='av-layout-grid-container av-g7wh3-8a4ef813ea756663901054132239d455 entry-content-wrapper main_color av-flex-cells  avia-builder-el-1  el_after_av_fullscreen  el_before_av_textblock  grid-row-not-first  container_wrap fullsize'  >\n\n<style type=\"text\/css\" data-created_by=\"avia_inline_auto\" id=\"style-css-av-9r5m7-deefba14e417f176146f9f5e0e2e569f\">\n.flex_cell.av-9r5m7-deefba14e417f176146f9f5e0e2e569f{\nvertical-align:top;\n}\n.responsive #top #wrap_all .flex_cell.av-9r5m7-deefba14e417f176146f9f5e0e2e569f{\npadding:0px 0px 0px 0px !important;\n}\n<\/style>\n<div class='flex_cell av-9r5m7-deefba14e417f176146f9f5e0e2e569f av-gridrow-cell av_one_full no_margin  avia-builder-el-2  avia-builder-el-no-sibling  content-align-top av-zero-padding'  ><div class='flex_cell_inner'><\/div><\/div>\n<\/div><div id='after_grid_row_1'  class='main_color av_default_container_wrap container_wrap fullsize'  ><div class='container av-section-cont-open' ><div class='template-page content  av-content-full alpha units'><div class='post-entry post-entry-type-page post-entry-9438'><div class='entry-content-wrapper clearfix'>\n<section  class='av_textblock_section av-l71nq1rw-9b2d0687cffc4c04c8e24a160b824e76 '   itemscope=\"itemscope\" itemtype=\"https:\/\/schema.org\/CreativeWork\" ><div class='avia_textblock'  itemprop=\"text\" ><h1>Radarsensor USR30<\/h1>\n<h3>F\u00fcllstandsensor f\u00fcr vielf\u00e4ltige Einsatzm\u00f6glichkeiten<\/h3>\n<\/div><\/section>\n<section  class='av_textblock_section av-l71uzja4-861ef1af87378a6113a03ade7fd82379 '   itemscope=\"itemscope\" itemtype=\"https:\/\/schema.org\/CreativeWork\" ><div class='avia_textblock'  itemprop=\"text\" ><p><span style=\"font-weight: 400;\">Der USR30 ist die kleinste Baugr\u00f6\u00dfe der neuen Radarsensoren f\u00fcr kundenspezifische Applikationen. Er bietet die komplette Funktionalit\u00e4t des UTR30 ohne Geh\u00e4use und ohne definierten elektrischen Anschluss.<\/span><\/p>\n<\/div><\/section>\n<div  class='hr av-13y2dve-23121b4b7a8ca286789848e13149f038 hr-default  avia-builder-el-5  el_after_av_textblock  el_before_av_one_full '><span class='hr-inner '><span class=\"hr-inner-style\"><\/span><\/span><\/div>\n<div  class='flex_column av-18vf62-273807b92f670db2ab37c1ba2128be1a av_one_full  avia-builder-el-6  el_after_av_hr  el_before_av_one_full  first flex_column_div  '     ><section  class='av_textblock_section av-ag4d0a-2d34c333041f8c3c2903c8f18488a951 '   itemscope=\"itemscope\" itemtype=\"https:\/\/schema.org\/CreativeWork\" ><div class='avia_textblock'  itemprop=\"text\" ><h2>Vorteile<\/h2>\n<\/div><\/section><br \/>\n<section  class='av_textblock_section av-l71zebry-7871c6d70d6c0459f02901ee5b0c27a9 '   itemscope=\"itemscope\" itemtype=\"https:\/\/schema.org\/CreativeWork\" ><div class='avia_textblock'  itemprop=\"text\" ><p><span style=\"font-weight: 400;\">Die Eigenschaften des vielseitig einsetzbaren Radarsensors USR30 im \u00dcberblick.<\/span><\/p>\n<\/div><\/section><\/p><\/div>\n<div  class='flex_column av-2u66ou-681ea2a27f455609babff160c6be8a8a av_one_full  avia-builder-el-9  el_after_av_one_full  el_before_av_section  avia-builder-el-last  first flex_column_div  column-top-margin'     ><section  class='av_textblock_section av-l738bf1x-5a3e64b4ca6ce087ff57dce86c682dca '   itemscope=\"itemscope\" itemtype=\"https:\/\/schema.org\/CreativeWork\" ><div class='avia_textblock'  itemprop=\"text\" ><ul>\n<li style=\"list-style-type: none; padding-left: 56px; margin-left: 0; background: url('\/wp-content\/uploads\/2022\/08\/praezise-messung.png') no-repeat 0px 6px;\"><strong>Pr\u00e4zise Messung nach der Laufzeitmethode Time-of-Flight (ToF)<br \/>\n<\/strong><span style=\"font-weight: 400;\">Die kontinuierliche, ber\u00fchrungslose Messung nach dem Time-of-Flight Prinzip erm\u00f6glicht eine pr\u00e4zise Messung von Distanzen bis zu 35 m in Tanks oder Silos und die Messung von Pegelst\u00e4nden an Gew\u00e4ssern.<\/span><\/li>\n<\/ul>\n<ul>\n<li style=\"list-style-type: none; padding-left: 56px; margin-left: 0; background: url('\/wp-content\/uploads\/2022\/08\/einfache-aenderung-von-parametern.png') no-repeat 0px 6px;\"><strong>Einfache \u00c4nderung von Parametern<br \/>\n<\/strong>Der Radarsensor kann individuell an die kundenspezifische Anwendung angepasst werden. Parameter wie das Medium (fest\/fl\u00fcssig) und die Empfindlichkeit (niedrig\/mittel\/hoch) lassen sich \u2013 je nach Anwendung \u2013 einfach \u00e4ndern.<\/li>\n<\/ul>\n<\/div><\/section><\/div>\n<\/div><\/div><\/div><!-- close content main div --><\/div><\/div>\n<style type=\"text\/css\" data-created_by=\"avia_inline_auto\" id=\"style-css-av-aolkxa-822c50e30be6fa9d15412197f82cb2fb\">\n.avia-section.av-aolkxa-822c50e30be6fa9d15412197f82cb2fb{\nbackground-color:#dddddd;\nbackground-image:unset;\n}\n<\/style>\n<div id='av_section_1'  class='avia-section av-aolkxa-822c50e30be6fa9d15412197f82cb2fb main_color avia-section-default avia-no-border-styling  avia-builder-el-11  el_after_av_one_full  el_before_av_hr  avia-bg-style-scroll container_wrap fullsize'  ><div class='container av-section-cont-open' ><div class='template-page content  av-content-full alpha units'><div class='post-entry post-entry-type-page post-entry-9438'><div class='entry-content-wrapper clearfix'>\n<div  class='flex_column av-8qy2v2-41c5a8cfd0ef34038e960f1af5cd0e07 av_one_third  avia-builder-el-12  el_before_av_one_third  avia-builder-el-first  first flex_column_div  '     ><style type=\"text\/css\" data-created_by=\"avia_inline_auto\" id=\"style-css-av-807xim-03f715bac12e24dba3c645f76e728c20\">\n.avia-image-container.av-807xim-03f715bac12e24dba3c645f76e728c20 img.avia_image{\nbox-shadow:none;\n}\n.avia-image-container.av-807xim-03f715bac12e24dba3c645f76e728c20 .av-image-caption-overlay-center{\ncolor:#ffffff;\n}\n<\/style>\n<div  class='avia-image-container av-807xim-03f715bac12e24dba3c645f76e728c20 av-styling- avia-align-center  avia-builder-el-13  avia-builder-el-no-sibling '   itemprop=\"image\" itemscope=\"itemscope\" itemtype=\"https:\/\/schema.org\/ImageObject\" ><div class=\"avia-image-container-inner\"><div class=\"avia-image-overlay-wrap\"><img decoding=\"async\" fetchpriority=\"high\" class='wp-image-10631 avia-img-lazy-loading-not-10631 avia_image ' src=\"https:\/\/www.sensors-components.endress.com\/wp-content\/uploads\/2024\/09\/Broschure_en-300x273.png\" alt='' title='brochure'  height=\"273\" width=\"300\"  itemprop=\"thumbnailUrl\" srcset=\"https:\/\/www.sensors-components.endress.com\/wp-content\/uploads\/2024\/09\/Broschure_en-300x273.png 300w, https:\/\/www.sensors-components.endress.com\/wp-content\/uploads\/2024\/09\/Broschure_en.png 644w\" sizes=\"(max-width: 300px) 100vw, 300px\" \/><\/div><\/div><\/div><\/div><div  class='flex_column av-5mhiem-deed6b98d5df60e5c5f91d501f7f0838 av_one_third  avia-builder-el-14  el_after_av_one_third  avia-builder-el-last  flex_column_div  '     ><section  class='av_textblock_section av-3uuhjy-9bc3ecb8872587a2adc82d210f6af4a7 '   itemscope=\"itemscope\" itemtype=\"https:\/\/schema.org\/CreativeWork\" ><div class='avia_textblock'  itemprop=\"text\" ><h2>Jetzt zu ma\u00dfgeschneiderten Sensoren &amp; Komponenten informieren<\/h2>\n<p><strong>Brosch\u00fcre: Kundenspezifische Sensoren &amp; Komponenten<\/strong><\/p>\n<p>(PDF, 1.5 MB)<\/p>\n<\/div><\/section><br \/>\n<div  class='avia-button-wrap av-2ge7r2-040db825a301b919c4c3e019ec1df4c7-wrap avia-button-left  avia-builder-el-16  el_after_av_textblock  avia-builder-el-last '><a href='\/wp-content\/uploads\/2022\/09\/Broschure_DE_GSC.pdf'  class='avia-button av-2ge7r2-040db825a301b919c4c3e019ec1df4c7 av-link-btn avia-icon_select-yes-right-icon avia-size-medium avia-position-left avia-color-theme-color'  target=\"_blank\"  rel=\"noopener noreferrer\"  aria-label=\"Brosch\u00fcre downloaden\"><span class='avia_iconbox_title' >Brosch\u00fcre downloaden<\/span><span class='avia_button_icon avia_button_icon_right avia-iconfont avia-font-entypo-fontello' data-av_icon='\ue82d' data-av_iconfont='entypo-fontello' ><\/span><\/a><\/div><\/p><\/div><\/div><\/div><\/div><!-- close content main div --><\/div><\/div><div id='after_section_1'  class='main_color av_default_container_wrap container_wrap fullsize'  ><div class='container av-section-cont-open' ><div class='template-page content  av-content-full alpha units'><div class='post-entry post-entry-type-page post-entry-9438'><div class='entry-content-wrapper clearfix'><div  class='hr av-797pcd-a1403a4377c360c87e07fa7e51b3014e hr-default  avia-builder-el-17  el_after_av_section  el_before_av_textblock  avia-builder-el-first '><span class='hr-inner '><span class=\"hr-inner-style\"><\/span><\/span><\/div><\/p>\n\n<style type=\"text\/css\" data-created_by=\"avia_inline_auto\" id=\"style-css-av-1aatrwe-2372a605e07d0759b10afdecf24703ac\">\n#top .av_textblock_section.av-1aatrwe-2372a605e07d0759b10afdecf24703ac .avia_textblock{\ncolor:#007ca9;\n}\n<\/style>\n<section  class='av_textblock_section av-1aatrwe-2372a605e07d0759b10afdecf24703ac '   itemscope=\"itemscope\" itemtype=\"https:\/\/schema.org\/CreativeWork\" ><div class='avia_textblock av_inherit_color'  itemprop=\"text\" ><h2 style=\"color: #000;\">Radarsensor USR30<\/h2>\n<\/div><\/section>\n\n<style type=\"text\/css\" data-created_by=\"avia_inline_auto\" id=\"style-css-av-xg9ola-9a6860d5ae70fd3e18e780502388d19a\">\n.flex_column.av-xg9ola-9a6860d5ae70fd3e18e780502388d19a{\nborder-radius:0px 0px 0px 0px;\npadding:0px 0px 0px 0px;\n}\n<\/style>\n<div  class='flex_column av-xg9ola-9a6860d5ae70fd3e18e780502388d19a av_one_full  avia-builder-el-19  el_after_av_textblock  el_before_av_one_half  first flex_column_div av-zero-column-padding  column-top-margin'     ><section  class='av_textblock_section av-wzgtwe-16b683b18da8ad21c5d9669dc7cc1bd7 '   itemscope=\"itemscope\" itemtype=\"https:\/\/schema.org\/CreativeWork\" ><div class='avia_textblock'  itemprop=\"text\" ><p>Der USR30 ist die kleinste Baugr\u00f6\u00dfe der neuen Radarsensoren f\u00fcr kundenspezifische Applikationen. Er bietet die komplette Funktionalit\u00e4t des UTR30 allerdings ohne Geh\u00e4use und definierten elektrischen Anschluss. Das Signal wird digital (UART) ausgegeben und kann dann applikationsbezogen weiter verarbeitet werden. Der Radar Sensor kann individuell an die Verwendung angepasst werden.<\/p>\n<\/div><\/section><\/div>\n<div  class='flex_column av-uyxdjy-685613b67c25047d278bead3d01b5c31 av_one_half  avia-builder-el-21  el_after_av_one_full  el_before_av_one_half  first flex_column_div  column-top-margin'     ><section  class='av_textblock_section av-tbplq6-88a4488722c650293efc94c52e61544d '   itemscope=\"itemscope\" itemtype=\"https:\/\/schema.org\/CreativeWork\" ><div class='avia_textblock'  itemprop=\"text\" ><ul>\n<li>Messbereich: 0 &#8211; 35 m<\/li>\n<li>Genauigkeit: +\/- 2 mm (Fl\u00fcssigkeiten), +\/- 10 mm (Feststoffe)<\/li>\n<li>Abstrahlwinkel: 8\u00b0<\/li>\n<li>Betriebstemperatur: -40\u00b0C\u202685\u00b0C<\/li>\n<li>Medium: Feststoffe und Fl\u00fcssigkeiten mit DK &gt; 1,9<\/li>\n<li>Versorgung: Digitalteil 1,8&#8230;3,3 V (MCU); Analogteil: 3,5\u20265,5 V (RF)<\/li>\n<li>Ausgang: Digital UART (8N1 inverted, 230 kBaud)<\/li>\n<li>Einfache \u00c4nderung von Parametern:\n<ul>\n<li>Medium (Feststoff\/Fl\u00fcssig)<\/li>\n<li>Leer\/Voll<\/li>\n<li>Blockdistanz<\/li>\n<li>Empfindlichkeit<\/li>\n<\/ul>\n<\/li>\n<\/ul>\n<p><strong>Technologie:\u00a0<\/strong><\/p>\n<ul>\n<li>Laufzeitmethode Time-of-Flight (ToF)<\/li>\n<li>Radar (FMCW, 80GHz)<\/li>\n<\/ul>\n<\/div><\/section><\/div>\n<div  class='flex_column av-rye1z2-49e6a74c6ca6b5dff232c1dd722ce7c1 av_one_half  avia-builder-el-23  el_after_av_one_half  el_before_av_hr  flex_column_div  column-top-margin'     ><section  class='av_textblock_section av-p8itjy-ba53084c4d0143e0a91bb5694c090bc2 '   itemscope=\"itemscope\" itemtype=\"https:\/\/schema.org\/CreativeWork\" ><div class='avia_textblock'  itemprop=\"text\" ><p><strong>Sicherheit<\/strong><strong>:<\/strong><\/p>\n<ul>\n<li>Funkrichtlinien ETSI EN 302 729 konform<\/li>\n<li>Freifeld &#8211; Funkzulassung auf Komponentenebene (FCC, ISED)<\/li>\n<li>RoHS\/REACH konform<\/li>\n<\/ul>\n<p><strong>Weiterf\u00fchrende Informationen:<\/strong><\/p>\n<ul>\n<li><a href=\"https:\/\/www.sensors-components.endress.com\/wp-content\/uploads\/2024\/01\/TI01709ODE_0123-00_FM10_2024-01-15.pdf\">Technische Information (TI)<\/a><\/li>\n<\/ul>\n<\/div><\/section><\/div>\n<div  class='hr av-2ehmm6-5ce5b399e2c0c340ee44066668cdc4cb hr-default  avia-builder-el-25  el_after_av_one_half  avia-builder-el-last '><span class='hr-inner '><span class=\"hr-inner-style\"><\/span><\/span><\/div>\n","protected":false},"excerpt":{"rendered":"","protected":false},"author":7,"featured_media":0,"parent":9435,"menu_order":0,"comment_status":"closed","ping_status":"closed","template":"","meta":{"inline_featured_image":false,"footnotes":""},"class_list":["post-9438","page","type-page","status-publish","hentry"],"yoast_head":"<!-- This site is optimized with the Yoast SEO plugin v27.0 - https:\/\/yoast.com\/product\/yoast-seo-wordpress\/ -->\n<title>Radarsensor USR30 - Customized Pressure Sensors and Components<\/title>\n<meta name=\"description\" content=\"Der Radarsensor USR30 ist die kleinste Baugr\u00f6\u00dfe unserer Radarfamilie. Er bietet die komplette Funktionalit\u00e4t des UTR30 allerdings ohne Geh\u00e4use. Zur weiteren Verarbeitung wird das Ausgangssignal mittels UART bereitgestellt.\" \/>\n<meta name=\"robots\" content=\"index, follow, max-snippet:-1, max-image-preview:large, max-video-preview:-1\" \/>\n<link rel=\"canonical\" href=\"https:\/\/www.sensors-components.endress.com\/de\/produkte\/radarsensoren\/radarsensor-usr30\/\" \/>\n<meta property=\"og:locale\" content=\"de_DE\" \/>\n<meta property=\"og:type\" content=\"article\" \/>\n<meta property=\"og:title\" content=\"Radarsensor USR30 - Customized Pressure Sensors and Components\" \/>\n<meta property=\"og:description\" content=\"Der Radarsensor USR30 ist die kleinste Baugr\u00f6\u00dfe unserer Radarfamilie. Er bietet die komplette Funktionalit\u00e4t des UTR30 allerdings ohne Geh\u00e4use. Zur weiteren Verarbeitung wird das Ausgangssignal mittels UART bereitgestellt.\" \/>\n<meta property=\"og:url\" content=\"https:\/\/www.sensors-components.endress.com\/de\/produkte\/radarsensoren\/radarsensor-usr30\/\" \/>\n<meta property=\"og:site_name\" content=\"Customized Pressure Sensors and Components\" \/>\n<meta property=\"article:modified_time\" content=\"2025-05-06T05:51:45+00:00\" \/>\n<meta name=\"twitter:card\" content=\"summary_large_image\" \/>\n<meta name=\"twitter:label1\" content=\"Gesch\u00e4tzte Lesezeit\" \/>\n\t<meta name=\"twitter:data1\" content=\"2\u00a0Minuten\" \/>\n<script type=\"application\/ld+json\" class=\"yoast-schema-graph\">{\"@context\":\"https:\/\/schema.org\",\"@graph\":[{\"@type\":\"WebPage\",\"@id\":\"https:\/\/www.sensors-components.endress.com\/de\/produkte\/radarsensoren\/radarsensor-usr30\/\",\"url\":\"https:\/\/www.sensors-components.endress.com\/de\/produkte\/radarsensoren\/radarsensor-usr30\/\",\"name\":\"Radarsensor USR30 - Customized Pressure Sensors and Components\",\"isPartOf\":{\"@id\":\"https:\/\/www.sensors-components.endress.com\/de\/#website\"},\"datePublished\":\"2022-08-20T14:15:33+00:00\",\"dateModified\":\"2025-05-06T05:51:45+00:00\",\"description\":\"Der Radarsensor USR30 ist die kleinste Baugr\u00f6\u00dfe unserer Radarfamilie. Er bietet die komplette Funktionalit\u00e4t des UTR30 allerdings ohne Geh\u00e4use. Zur weiteren Verarbeitung wird das Ausgangssignal mittels UART bereitgestellt.\",\"breadcrumb\":{\"@id\":\"https:\/\/www.sensors-components.endress.com\/de\/produkte\/radarsensoren\/radarsensor-usr30\/#breadcrumb\"},\"inLanguage\":\"de\",\"potentialAction\":[{\"@type\":\"ReadAction\",\"target\":[\"https:\/\/www.sensors-components.endress.com\/de\/produkte\/radarsensoren\/radarsensor-usr30\/\"]}]},{\"@type\":\"BreadcrumbList\",\"@id\":\"https:\/\/www.sensors-components.endress.com\/de\/produkte\/radarsensoren\/radarsensor-usr30\/#breadcrumb\",\"itemListElement\":[{\"@type\":\"ListItem\",\"position\":1,\"name\":\"Startseite\",\"item\":\"https:\/\/www.sensors-components.endress.com\/de\/start\/\"},{\"@type\":\"ListItem\",\"position\":2,\"name\":\"Drucksensoren und Radarsensoren f\u00fcr die Industrie\",\"item\":\"https:\/\/www.sensors-components.endress.com\/de\/produkte\/\"},{\"@type\":\"ListItem\",\"position\":3,\"name\":\"Radarsensoren\",\"item\":\"https:\/\/www.sensors-components.endress.com\/de\/produkte\/radarsensoren\/\"},{\"@type\":\"ListItem\",\"position\":4,\"name\":\"Radarsensor USR30\"}]},{\"@type\":\"WebSite\",\"@id\":\"https:\/\/www.sensors-components.endress.com\/de\/#website\",\"url\":\"https:\/\/www.sensors-components.endress.com\/de\/\",\"name\":\"Customized Pressure Sensors and Components\",\"description\":\"\",\"potentialAction\":[{\"@type\":\"SearchAction\",\"target\":{\"@type\":\"EntryPoint\",\"urlTemplate\":\"https:\/\/www.sensors-components.endress.com\/de\/?s={search_term_string}\"},\"query-input\":{\"@type\":\"PropertyValueSpecification\",\"valueRequired\":true,\"valueName\":\"search_term_string\"}}],\"inLanguage\":\"de\"}]}<\/script>\n<!-- \/ Yoast SEO plugin. -->","yoast_head_json":{"title":"Radarsensor USR30 - Customized Pressure Sensors and Components","description":"Der Radarsensor USR30 ist die kleinste Baugr\u00f6\u00dfe unserer Radarfamilie. Er bietet die komplette Funktionalit\u00e4t des UTR30 allerdings ohne Geh\u00e4use. Zur weiteren Verarbeitung wird das Ausgangssignal mittels UART bereitgestellt.","robots":{"index":"index","follow":"follow","max-snippet":"max-snippet:-1","max-image-preview":"max-image-preview:large","max-video-preview":"max-video-preview:-1"},"canonical":"https:\/\/www.sensors-components.endress.com\/de\/produkte\/radarsensoren\/radarsensor-usr30\/","og_locale":"de_DE","og_type":"article","og_title":"Radarsensor USR30 - Customized Pressure Sensors and Components","og_description":"Der Radarsensor USR30 ist die kleinste Baugr\u00f6\u00dfe unserer Radarfamilie. Er bietet die komplette Funktionalit\u00e4t des UTR30 allerdings ohne Geh\u00e4use. Zur weiteren Verarbeitung wird das Ausgangssignal mittels UART bereitgestellt.","og_url":"https:\/\/www.sensors-components.endress.com\/de\/produkte\/radarsensoren\/radarsensor-usr30\/","og_site_name":"Customized Pressure Sensors and Components","article_modified_time":"2025-05-06T05:51:45+00:00","twitter_card":"summary_large_image","twitter_misc":{"Gesch\u00e4tzte Lesezeit":"2\u00a0Minuten"},"schema":{"@context":"https:\/\/schema.org","@graph":[{"@type":"WebPage","@id":"https:\/\/www.sensors-components.endress.com\/de\/produkte\/radarsensoren\/radarsensor-usr30\/","url":"https:\/\/www.sensors-components.endress.com\/de\/produkte\/radarsensoren\/radarsensor-usr30\/","name":"Radarsensor USR30 - Customized Pressure Sensors and Components","isPartOf":{"@id":"https:\/\/www.sensors-components.endress.com\/de\/#website"},"datePublished":"2022-08-20T14:15:33+00:00","dateModified":"2025-05-06T05:51:45+00:00","description":"Der Radarsensor USR30 ist die kleinste Baugr\u00f6\u00dfe unserer Radarfamilie. Er bietet die komplette Funktionalit\u00e4t des UTR30 allerdings ohne Geh\u00e4use. Zur weiteren Verarbeitung wird das Ausgangssignal mittels UART bereitgestellt.","breadcrumb":{"@id":"https:\/\/www.sensors-components.endress.com\/de\/produkte\/radarsensoren\/radarsensor-usr30\/#breadcrumb"},"inLanguage":"de","potentialAction":[{"@type":"ReadAction","target":["https:\/\/www.sensors-components.endress.com\/de\/produkte\/radarsensoren\/radarsensor-usr30\/"]}]},{"@type":"BreadcrumbList","@id":"https:\/\/www.sensors-components.endress.com\/de\/produkte\/radarsensoren\/radarsensor-usr30\/#breadcrumb","itemListElement":[{"@type":"ListItem","position":1,"name":"Startseite","item":"https:\/\/www.sensors-components.endress.com\/de\/start\/"},{"@type":"ListItem","position":2,"name":"Drucksensoren und Radarsensoren f\u00fcr die Industrie","item":"https:\/\/www.sensors-components.endress.com\/de\/produkte\/"},{"@type":"ListItem","position":3,"name":"Radarsensoren","item":"https:\/\/www.sensors-components.endress.com\/de\/produkte\/radarsensoren\/"},{"@type":"ListItem","position":4,"name":"Radarsensor USR30"}]},{"@type":"WebSite","@id":"https:\/\/www.sensors-components.endress.com\/de\/#website","url":"https:\/\/www.sensors-components.endress.com\/de\/","name":"Customized Pressure Sensors and Components","description":"","potentialAction":[{"@type":"SearchAction","target":{"@type":"EntryPoint","urlTemplate":"https:\/\/www.sensors-components.endress.com\/de\/?s={search_term_string}"},"query-input":{"@type":"PropertyValueSpecification","valueRequired":true,"valueName":"search_term_string"}}],"inLanguage":"de"}]}},"_links":{"self":[{"href":"https:\/\/www.sensors-components.endress.com\/de\/wp-json\/wp\/v2\/pages\/9438","targetHints":{"allow":["GET"]}}],"collection":[{"href":"https:\/\/www.sensors-components.endress.com\/de\/wp-json\/wp\/v2\/pages"}],"about":[{"href":"https:\/\/www.sensors-components.endress.com\/de\/wp-json\/wp\/v2\/types\/page"}],"author":[{"embeddable":true,"href":"https:\/\/www.sensors-components.endress.com\/de\/wp-json\/wp\/v2\/users\/7"}],"replies":[{"embeddable":true,"href":"https:\/\/www.sensors-components.endress.com\/de\/wp-json\/wp\/v2\/comments?post=9438"}],"version-history":[{"count":35,"href":"https:\/\/www.sensors-components.endress.com\/de\/wp-json\/wp\/v2\/pages\/9438\/revisions"}],"predecessor-version":[{"id":13196,"href":"https:\/\/www.sensors-components.endress.com\/de\/wp-json\/wp\/v2\/pages\/9438\/revisions\/13196"}],"up":[{"embeddable":true,"href":"https:\/\/www.sensors-components.endress.com\/de\/wp-json\/wp\/v2\/pages\/9435"}],"wp:attachment":[{"href":"https:\/\/www.sensors-components.endress.com\/de\/wp-json\/wp\/v2\/media?parent=9438"}],"curies":[{"name":"wp","href":"https:\/\/api.w.org\/{rel}","templated":true}]}}